{"id":349,"date":"2021-05-24T05:57:28","date_gmt":"2021-05-24T05:57:28","guid":{"rendered":"https:\/\/swissmemorial.ch\/?page_id=349"},"modified":"2025-07-20T06:19:04","modified_gmt":"2025-07-20T06:19:04","slug":"home","status":"publish","type":"page","link":"https:\/\/swissmemorial.ch\/fr\/","title":{"rendered":"Home"},"content":{"rendered":"<p><div class=\"fusion-fullwidth fullwidth-box fusion-builder-row-1 fusion-flex-container nonhundred-percent-fullwidth non-hundred-percent-height-scrolling\" style=\"--awb-border-radius-top-left:0px;--awb-border-radius-top-right:0px;--awb-border-radius-bottom-right:0px;--awb-border-radius-bottom-left:0px;--awb-padding-top:80px;--awb-padding-bottom:0px;--awb-flex-wrap:wrap;\" ><div class=\"fusion-builder-row fusion-row fusion-flex-align-items-flex-start fusion-flex-justify-content-center fusion-flex-content-wrap\" style=\"max-width:1331.2px;margin-left: calc(-4% \/ 2 );margin-right: calc(-4% \/ 2 );\"><div class=\"fusion-layout-column fusion_builder_column fusion-builder-column-0 fusion_builder_column_5_6 5_6 fusion-flex-column fusion-animated\" style=\"--awb-bg-size:cover;--awb-width-large:83.333333333333%;--awb-margin-top-large:0px;--awb-spacing-right-large:2.304%;--awb-margin-bottom-large:0px;--awb-spacing-left-large:2.304%;--awb-width-medium:100%;--awb-order-medium:0;--awb-spacing-right-medium:1.92%;--awb-spacing-left-medium:1.92%;--awb-width-small:100%;--awb-order-small:0;--awb-spacing-right-small:1.92%;--awb-spacing-left-small:1.92%;\" data-animationType=\"fadeInUp\" data-animationDuration=\"1.0\" data-animationOffset=\"top-into-view\"><div class=\"fusion-column-wrapper fusion-column-has-shadow fusion-flex-justify-content-flex-start fusion-content-layout-column\"><div class=\"fusion-text fusion-text-1\" style=\"--awb-content-alignment:center;--awb-font-size:18px;\"><p>Plus le temps passe, moins il y a de t\u00e9moins vivants qui peuvent nous raconter les atrocit\u00e9s et les crimes du national-socialisme. Il est donc d&#8217;autant plus important de cr\u00e9er activement des lieux de m\u00e9moire et de discussion autour de l&#8217;exclusion et de la discrimination, de la solidarit\u00e9 et du courage civil. C&#8217;est dans cet esprit qu&#8217;il est pr\u00e9vu de cr\u00e9er \u00e0 Berne un m\u00e9morial suisse pour les victimes du national-socialisme, qui mettra l&#8217;accent sur l&#8217;importance de l&#8217;\u00c9tat de droit, de la d\u00e9mocratie et des droits de l&#8217;homme. Ce lieu de m\u00e9moire, de m\u00e9diation et de mise en r\u00e9seau d&#8217;un genre nouveau doit notamment sensibiliser les jeunes aux valeurs fondamentales de la Suisse.<\/p>\n<\/div><div class=\"fusion-separator\" style=\"align-self: center;margin-left: auto;margin-right: auto;margin-top:10px;margin-bottom:40px;width:100%;max-width:50PX;\"><div class=\"fusion-separator-border sep-single sep-solid\" style=\"--awb-height:20px;--awb-amount:20px;--awb-sep-color:#000000;border-color:#000000;border-top-width:3px;\"><\/div><\/div><\/div><\/div><\/div><\/div><div class=\"fusion-fullwidth fullwidth-box fusion-builder-row-2 fusion-flex-container nonhundred-percent-fullwidth non-hundred-percent-height-scrolling\" style=\"--awb-border-radius-top-left:0px;--awb-border-radius-top-right:0px;--awb-border-radius-bottom-right:0px;--awb-border-radius-bottom-left:0px;--awb-padding-top:60px;--awb-padding-bottom:80px;--awb-flex-wrap:wrap;\" ><div class=\"fusion-builder-row fusion-row fusion-flex-align-items-flex-start fusion-flex-content-wrap\" style=\"max-width:1331.2px;margin-left: calc(-4% \/ 2 );margin-right: calc(-4% \/ 2 );\"><div class=\"fusion-layout-column fusion_builder_column fusion-builder-column-1 fusion_builder_column_1_3 1_3 fusion-flex-column fusion-animated\" style=\"--awb-padding-bottom-small:40px;--awb-bg-size:cover;--awb-width-large:33.333333333333%;--awb-margin-top-large:0px;--awb-spacing-right-large:5.76%;--awb-margin-bottom-large:20px;--awb-spacing-left-large:5.76%;--awb-width-medium:100%;--awb-order-medium:0;--awb-spacing-right-medium:1.92%;--awb-spacing-left-medium:1.92%;--awb-width-small:100%;--awb-order-small:0;--awb-spacing-right-small:1.92%;--awb-spacing-left-small:1.92%;\" data-animationType=\"fadeInUp\" data-animationDuration=\"1.0\" data-animationOffset=\"top-into-view\"><div class=\"fusion-column-wrapper fusion-column-has-shadow fusion-flex-justify-content-space-between fusion-content-layout-column\"><div class=\"fusion-image-element \" style=\"text-align:center;--awb-liftup-border-radius:0px;--awb-margin-bottom:10px;--awb-caption-title-font-family:var(--h2_typography-font-family);--awb-caption-title-font-weight:var(--h2_typography-font-weight);--awb-caption-title-font-style:var(--h2_typography-font-style);--awb-caption-title-size:var(--h2_typography-font-size);--awb-caption-title-transform:var(--h2_typography-text-transform);--awb-caption-title-line-height:var(--h2_typography-line-height);--awb-caption-title-letter-spacing:var(--h2_typography-letter-spacing);\"><div class=\"awb-image-frame awb-image-frame-1 imageframe-liftup\"><span class=\" fusion-imageframe imageframe-none imageframe-1 hover-caption-display\"><a class=\"fusion-no-lightbox\" href=\"https:\/\/swissmemorial.ch\/fr\/commemorer\/\" target=\"_self\" aria-label=\"Archives d&#8217;histoire contemporaine NL Gertrud Kurz \/ 942.\"><img loading=\"lazy\" decoding=\"async\" width=\"1000\" height=\"667\" alt=\"Archives d&#039;histoire contemporaine NL Gertrud Kurz \/ 942. r\u00e9fugi\u00e9s quittant le pays \u00e0 la fin de la guerre, photo de groupe, s.l., s.d.\" src=\"https:\/\/swissmemorial.ch\/wp-content\/uploads\/2021\/05\/homepage-erinnern-img.jpg\" class=\"img-responsive wp-image-360\" srcset=\"https:\/\/swissmemorial.ch\/wp-content\/uploads\/2021\/05\/homepage-erinnern-img-200x133.jpg 200w, https:\/\/swissmemorial.ch\/wp-content\/uploads\/2021\/05\/homepage-erinnern-img-400x267.jpg 400w, https:\/\/swissmemorial.ch\/wp-content\/uploads\/2021\/05\/homepage-erinnern-img-600x400.jpg 600w, https:\/\/swissmemorial.ch\/wp-content\/uploads\/2021\/05\/homepage-erinnern-img-800x534.jpg 800w, https:\/\/swissmemorial.ch\/wp-content\/uploads\/2021\/05\/homepage-erinnern-img.jpg 1000w\" sizes=\"auto, (max-width: 800px) 100vw, (max-width: 640px) 100vw, 400px\" \/><\/a><\/span><\/div><\/div><div class=\"fusion-title title fusion-title-1 fusion-sep-none fusion-title-center fusion-title-text fusion-title-size-four\"><h4 class=\"fusion-title-heading title-heading-center\" style=\"margin:0;\">SE RAPPELER<\/h4><\/div><div class=\"fusion-text fusion-text-2 fusion-text-no-margin\" style=\"--awb-margin-bottom:20px;\"><p>Les victimes suisses du national-socialisme se trouvent, au mieux, en marge de la conscience sociale et historique. Ce n&#8217;est que dans le cadre de travaux de recherche r\u00e9cents que le regard s&#8217;est port\u00e9 sur leurs destins.<\/p>\n<\/div><div class=\"fusion-separator fusion-no-small-visibility fusion-no-medium-visibility fusion-full-width-sep\" style=\"align-self: center;margin-left: auto;margin-right: auto;margin-bottom:28px;width:100%;\"><\/div><div style=\"text-align:center;\"><a class=\"fusion-button button-flat fusion-button-default-size button-custom fusion-button-default button-1 fusion-button-default-span fusion-button-default-type\" style=\"--button_accent_color:#94a4a8;--button_border_color:#94a4a8;--button_accent_hover_color:#ffffff;--button_border_hover_color:#ffffff;--button_border_width-top:1px;--button_border_width-right:1px;--button_border_width-bottom:1px;--button_border_width-left:1px;--button_gradient_top_color:rgba(148,164,168,0);--button_gradient_bottom_color:rgba(148,164,168,0);--button_gradient_top_color_hover:#94a4a8;--button_gradient_bottom_color_hover:#94a4a8;--button_text_transform:uppercase;\" target=\"_self\" href=\"https:\/\/swissmemorial.ch\/fr\/commemorer\/\"><span class=\"fusion-button-text awb-button__text awb-button__text--default\">EN SAVOIR PLUS<\/span><\/a><\/div><\/div><\/div><div class=\"fusion-layout-column fusion_builder_column fusion-builder-column-2 fusion_builder_column_1_3 1_3 fusion-flex-column fusion-animated\" style=\"--awb-padding-bottom-small:40px;--awb-bg-size:cover;--awb-width-large:33.333333333333%;--awb-margin-top-large:0px;--awb-spacing-right-large:5.76%;--awb-margin-bottom-large:20px;--awb-spacing-left-large:5.76%;--awb-width-medium:100%;--awb-order-medium:0;--awb-spacing-right-medium:1.92%;--awb-spacing-left-medium:1.92%;--awb-width-small:100%;--awb-order-small:0;--awb-spacing-right-small:1.92%;--awb-spacing-left-small:1.92%;\" data-animationType=\"fadeInUp\" data-animationDuration=\"1.0\" data-animationOffset=\"top-into-view\"><div class=\"fusion-column-wrapper fusion-column-has-shadow fusion-flex-justify-content-space-between fusion-content-layout-column\"><div class=\"fusion-image-element \" style=\"text-align:center;--awb-liftup-border-radius:0px;--awb-margin-bottom:10px;--awb-caption-title-font-family:var(--h2_typography-font-family);--awb-caption-title-font-weight:var(--h2_typography-font-weight);--awb-caption-title-font-style:var(--h2_typography-font-style);--awb-caption-title-size:var(--h2_typography-font-size);--awb-caption-title-transform:var(--h2_typography-text-transform);--awb-caption-title-line-height:var(--h2_typography-line-height);--awb-caption-title-letter-spacing:var(--h2_typography-letter-spacing);\"><div class=\"awb-image-frame awb-image-frame-2 imageframe-liftup\"><span class=\" fusion-imageframe imageframe-none imageframe-2\"><a class=\"fusion-no-lightbox\" href=\"https:\/\/swissmemorial.ch\/fr\/transmettre\/\" target=\"_self\" aria-label=\"Archives d&#8217;histoire contemporaine 2007.\"><img loading=\"lazy\" decoding=\"async\" width=\"1000\" height=\"667\" src=\"https:\/\/swissmemorial.ch\/wp-content\/uploads\/2021\/05\/homepage-vermiteln-img.jpg\" alt class=\"img-responsive wp-image-361\" srcset=\"https:\/\/swissmemorial.ch\/wp-content\/uploads\/2021\/05\/homepage-vermiteln-img-200x133.jpg 200w, https:\/\/swissmemorial.ch\/wp-content\/uploads\/2021\/05\/homepage-vermiteln-img-400x267.jpg 400w, https:\/\/swissmemorial.ch\/wp-content\/uploads\/2021\/05\/homepage-vermiteln-img-600x400.jpg 600w, https:\/\/swissmemorial.ch\/wp-content\/uploads\/2021\/05\/homepage-vermiteln-img-800x534.jpg 800w, https:\/\/swissmemorial.ch\/wp-content\/uploads\/2021\/05\/homepage-vermiteln-img.jpg 1000w\" sizes=\"auto, (max-width: 800px) 100vw, (max-width: 640px) 100vw, 400px\" \/><\/a><\/span><\/div><\/div><div class=\"fusion-title title fusion-title-2 fusion-sep-none fusion-title-center fusion-title-text fusion-title-size-four\"><h4 class=\"fusion-title-heading title-heading-center\" style=\"margin:0;\">DISTRIBUTION<\/h4><\/div><div class=\"fusion-text fusion-text-3 fusion-text-no-margin\" style=\"--awb-margin-bottom:20px;\"><p>Le lieu de m\u00e9moire est li\u00e9 \u00e0 un lieu de m\u00e9diation, car un monument reste muet en l&#8217;absence de connaissances historiques. C&#8217;est pourquoi un lieu de m\u00e9diation doit informer sur la politique d&#8217;exclusion et de pers\u00e9cution du r\u00e9gime nazi.<\/p>\n<\/div><div class=\"fusion-separator fusion-no-small-visibility fusion-no-medium-visibility fusion-full-width-sep\" style=\"align-self: center;margin-left: auto;margin-right: auto;margin-bottom:28px;width:100%;\"><\/div><div style=\"text-align:center;\"><a class=\"fusion-button button-flat fusion-button-default-size button-custom fusion-button-default button-2 fusion-button-default-span fusion-button-default-type\" style=\"--button_accent_color:#94a4a8;--button_border_color:#94a4a8;--button_accent_hover_color:#ffffff;--button_border_hover_color:#ffffff;--button_border_width-top:1px;--button_border_width-right:1px;--button_border_width-bottom:1px;--button_border_width-left:1px;--button_gradient_top_color:rgba(148,164,168,0);--button_gradient_bottom_color:rgba(148,164,168,0);--button_gradient_top_color_hover:#94a4a8;--button_gradient_bottom_color_hover:#94a4a8;--button_text_transform:uppercase;\" target=\"_self\" href=\"https:\/\/swissmemorial.ch\/fr\/transmettre\/\"><span class=\"fusion-button-text awb-button__text awb-button__text--default\">EN SAVOIR PLUS<\/span><\/a><\/div><\/div><\/div><div class=\"fusion-layout-column fusion_builder_column fusion-builder-column-3 fusion_builder_column_1_3 1_3 fusion-flex-column fusion-animated\" style=\"--awb-bg-size:cover;--awb-width-large:33.333333333333%;--awb-margin-top-large:0px;--awb-spacing-right-large:5.76%;--awb-margin-bottom-large:20px;--awb-spacing-left-large:5.76%;--awb-width-medium:100%;--awb-order-medium:0;--awb-spacing-right-medium:1.92%;--awb-spacing-left-medium:1.92%;--awb-width-small:100%;--awb-order-small:0;--awb-spacing-right-small:1.92%;--awb-spacing-left-small:1.92%;\" data-animationType=\"fadeInUp\" data-animationDuration=\"1.0\" data-animationOffset=\"top-into-view\"><div class=\"fusion-column-wrapper fusion-column-has-shadow fusion-flex-justify-content-space-between fusion-content-layout-column\"><div class=\"fusion-image-element \" style=\"text-align:center;--awb-liftup-border-radius:0px;--awb-margin-bottom:10px;--awb-caption-title-font-family:var(--h2_typography-font-family);--awb-caption-title-font-weight:var(--h2_typography-font-weight);--awb-caption-title-font-style:var(--h2_typography-font-style);--awb-caption-title-size:var(--h2_typography-font-size);--awb-caption-title-transform:var(--h2_typography-text-transform);--awb-caption-title-line-height:var(--h2_typography-line-height);--awb-caption-title-letter-spacing:var(--h2_typography-letter-spacing);\"><div class=\"awb-image-frame awb-image-frame-3 imageframe-liftup\"><span class=\" fusion-imageframe imageframe-none imageframe-3\"><a class=\"fusion-no-lightbox\" href=\"https:\/\/swissmemorial.ch\/fr\/connecter\/\" target=\"_self\" aria-label=\"Archives d&#8217;histoire contemporaine NL Albert M\u00fclli \/ 7.3.2.3.\"><img loading=\"lazy\" decoding=\"async\" width=\"1000\" height=\"667\" src=\"https:\/\/swissmemorial.ch\/wp-content\/uploads\/2021\/05\/homepage-vernetzen-img.jpg\" alt class=\"img-responsive wp-image-362\" srcset=\"https:\/\/swissmemorial.ch\/wp-content\/uploads\/2021\/05\/homepage-vernetzen-img-200x133.jpg 200w, https:\/\/swissmemorial.ch\/wp-content\/uploads\/2021\/05\/homepage-vernetzen-img-400x267.jpg 400w, https:\/\/swissmemorial.ch\/wp-content\/uploads\/2021\/05\/homepage-vernetzen-img-600x400.jpg 600w, https:\/\/swissmemorial.ch\/wp-content\/uploads\/2021\/05\/homepage-vernetzen-img-800x534.jpg 800w, https:\/\/swissmemorial.ch\/wp-content\/uploads\/2021\/05\/homepage-vernetzen-img.jpg 1000w\" sizes=\"auto, (max-width: 800px) 100vw, (max-width: 640px) 100vw, 400px\" \/><\/a><\/span><\/div><\/div><div class=\"fusion-title title fusion-title-3 fusion-sep-none fusion-title-center fusion-title-text fusion-title-size-four\"><h4 class=\"fusion-title-heading title-heading-center\" style=\"margin:0;\">MISE EN R\u00c9SEAU<\/h4><\/div><div class=\"fusion-text fusion-text-4 fusion-text-no-margin\" style=\"--awb-margin-bottom:20px;\"><p>Des offres d&#8217;information et de formation multim\u00e9dia doivent \u00e9galement \u00eatre cr\u00e9\u00e9es pour compl\u00e9ter les offres sur place. Un site web a \u00e9t\u00e9 cr\u00e9\u00e9 \u00e0 cet effet et sera compl\u00e9t\u00e9 en permanence. Il constitue un point de contact complet et clair pour toutes les questions relatives aux domaines th\u00e9matiques.<\/p>\n<\/div><div style=\"text-align:center;\"><a class=\"fusion-button button-flat fusion-button-default-size button-custom fusion-button-default button-3 fusion-button-default-span fusion-button-default-type\" style=\"--button_accent_color:#94a4a8;--button_border_color:#94a4a8;--button_accent_hover_color:#ffffff;--button_border_hover_color:#ffffff;--button_border_width-top:1px;--button_border_width-right:1px;--button_border_width-bottom:1px;--button_border_width-left:1px;--button_gradient_top_color:rgba(148,164,168,0);--button_gradient_bottom_color:rgba(148,164,168,0);--button_gradient_top_color_hover:#94a4a8;--button_gradient_bottom_color_hover:#94a4a8;--button_text_transform:uppercase;\" target=\"_self\" href=\"https:\/\/swissmemorial.ch\/fr\/connecter\/\"><span class=\"fusion-button-text awb-button__text awb-button__text--default\">EN SAVOIR PLUS<\/span><\/a><\/div><\/div><\/div><\/div><\/div><div class=\"fusion-fullwidth fullwidth-box fusion-builder-row-3 fusion-flex-container fusion-parallax-fixed nonhundred-percent-fullwidth non-hundred-percent-height-scrolling fusion-animated\" style=\"--awb-border-radius-top-left:0px;--awb-border-radius-top-right:0px;--awb-border-radius-bottom-right:0px;--awb-border-radius-bottom-left:0px;--awb-padding-top:100px;--awb-padding-bottom:80px;--awb-padding-top-small:80PX;--awb-padding-bottom-small:60PX;--awb-background-color:#f6f6f6;--awb-background-image:url(&quot;https:\/\/swissmemorial.ch\/wp-content\/uploads\/2021\/05\/homepage-about-bg.jpg&quot;);--awb-background-size:cover;--awb-flex-wrap:wrap;background-attachment:fixed;\" data-animationType=\"fadeInUp\" data-animationDuration=\"1.0\" data-animationOffset=\"top-into-view\" ><div class=\"fusion-builder-row fusion-row fusion-flex-align-items-flex-start fusion-flex-justify-content-center fusion-flex-content-wrap\" style=\"max-width:1331.2px;margin-left: calc(-4% \/ 2 );margin-right: calc(-4% \/ 2 );\"><div class=\"fusion-layout-column fusion_builder_column fusion-builder-column-4 fusion_builder_column_4_5 4_5 fusion-flex-column fusion-animated\" style=\"--awb-bg-size:cover;--awb-width-large:80%;--awb-margin-top-large:0px;--awb-spacing-right-large:2.4%;--awb-margin-bottom-large:20px;--awb-spacing-left-large:2.4%;--awb-width-medium:100%;--awb-order-medium:0;--awb-spacing-right-medium:1.92%;--awb-spacing-left-medium:1.92%;--awb-width-small:100%;--awb-order-small:0;--awb-spacing-right-small:1.92%;--awb-spacing-left-small:1.92%;\" data-animationType=\"fadeInUp\" data-animationDuration=\"2.0\" data-animationOffset=\"top-into-view\"><div class=\"fusion-column-wrapper fusion-column-has-shadow fusion-flex-justify-content-flex-start fusion-content-layout-column\"><div class=\"fusion-title title fusion-title-4 fusion-sep-none fusion-title-center fusion-title-text fusion-title-size-two\"><h2 class=\"fusion-title-heading title-heading-center\" style=\"margin:0;\">CONTACT<\/h2><\/div><div class=\"fusion-separator\" style=\"align-self: center;margin-left: auto;margin-right: auto;margin-bottom:40px;width:100%;max-width:50PX;\"><div class=\"fusion-separator-border sep-single sep-solid\" style=\"--awb-height:20px;--awb-amount:20px;--awb-sep-color:#000000;border-color:#000000;border-top-width:3px;\"><\/div><\/div><div style=\"text-align:center;\"><a class=\"fusion-button button-flat button-xlarge button-custom fusion-button-default button-4 fusion-button-default-span fusion-button-default-type\" style=\"--button_accent_color:#ffffff;--button_accent_hover_color:#94a4a8;--button_border_hover_color:#ffffff;--button_gradient_top_color:#94a4a8;--button_gradient_bottom_color:#94a4a8;--button_gradient_top_color_hover:#ffffff;--button_gradient_bottom_color_hover:#ffffff;\" target=\"_self\" href=\"https:\/\/swissmemorial.ch\/fr\/contact\/\"><span class=\"fusion-button-text awb-button__text awb-button__text--default\">\u00c9CRIVEZ-NOUS !<\/span><\/a><\/div><\/div><\/div><\/div><\/div><\/p>\n","protected":false},"excerpt":{"rendered":"","protected":false},"author":2,"featured_media":485,"parent":0,"menu_order":0,"comment_status":"closed","ping_status":"closed","template":"100-width.php","meta":{"footnotes":""},"class_list":["post-349","page","type-page","status-publish","has-post-thumbnail","hentry"],"yoast_head":"<!-- This site is optimized with the Yoast SEO plugin v25.5 - https:\/\/yoast.com\/wordpress\/plugins\/seo\/ -->\n<title>Home - Swiss Memorial<\/title>\n<meta name=\"robots\" content=\"index, follow, max-snippet:-1, max-image-preview:large, max-video-preview:-1\" \/>\n<link rel=\"canonical\" href=\"https:\/\/swissmemorial.ch\/fr\/\" \/>\n<meta property=\"og:locale\" content=\"fr_FR\" \/>\n<meta property=\"og:type\" content=\"article\" \/>\n<meta property=\"og:title\" content=\"Home - Swiss Memorial\" \/>\n<meta property=\"og:url\" content=\"https:\/\/swissmemorial.ch\/fr\/\" \/>\n<meta property=\"og:site_name\" content=\"Swiss Memorial\" \/>\n<meta property=\"article:modified_time\" content=\"2025-07-20T06:19:04+00:00\" \/>\n<meta property=\"og:image\" content=\"https:\/\/swissmemorial.ch\/wp-content\/uploads\/2021\/05\/featured-img.jpg\" \/>\n\t<meta property=\"og:image:width\" content=\"200\" \/>\n\t<meta property=\"og:image:height\" content=\"200\" \/>\n\t<meta property=\"og:image:type\" content=\"image\/jpeg\" \/>\n<meta name=\"twitter:card\" content=\"summary_large_image\" \/>\n<meta name=\"twitter:label1\" content=\"Dur\u00e9e de lecture estim\u00e9e\" \/>\n\t<meta name=\"twitter:data1\" content=\"2 minutes\" \/>\n<script type=\"application\/ld+json\" class=\"yoast-schema-graph\">{\"@context\":\"https:\/\/schema.org\",\"@graph\":[{\"@type\":\"WebPage\",\"@id\":\"https:\/\/swissmemorial.ch\/fr\/\",\"url\":\"https:\/\/swissmemorial.ch\/fr\/\",\"name\":\"Home - Swiss Memorial\",\"isPartOf\":{\"@id\":\"https:\/\/swissmemorial.ch\/fr\/#website\"},\"primaryImageOfPage\":{\"@id\":\"https:\/\/swissmemorial.ch\/fr\/#primaryimage\"},\"image\":{\"@id\":\"https:\/\/swissmemorial.ch\/fr\/#primaryimage\"},\"thumbnailUrl\":\"https:\/\/swissmemorial.ch\/wp-content\/uploads\/2021\/05\/featured-img.jpg\",\"datePublished\":\"2021-05-24T05:57:28+00:00\",\"dateModified\":\"2025-07-20T06:19:04+00:00\",\"breadcrumb\":{\"@id\":\"https:\/\/swissmemorial.ch\/fr\/#breadcrumb\"},\"inLanguage\":\"fr-FR\",\"potentialAction\":[{\"@type\":\"ReadAction\",\"target\":[\"https:\/\/swissmemorial.ch\/fr\/\"]}]},{\"@type\":\"ImageObject\",\"inLanguage\":\"fr-FR\",\"@id\":\"https:\/\/swissmemorial.ch\/fr\/#primaryimage\",\"url\":\"https:\/\/swissmemorial.ch\/wp-content\/uploads\/2021\/05\/featured-img.jpg\",\"contentUrl\":\"https:\/\/swissmemorial.ch\/wp-content\/uploads\/2021\/05\/featured-img.jpg\",\"width\":200,\"height\":200},{\"@type\":\"BreadcrumbList\",\"@id\":\"https:\/\/swissmemorial.ch\/fr\/#breadcrumb\",\"itemListElement\":[{\"@type\":\"ListItem\",\"position\":1,\"name\":\"Home\",\"item\":\"https:\/\/swissmemorial.ch\/fr\/\"},{\"@type\":\"ListItem\",\"position\":2,\"name\":\"Home\"}]},{\"@type\":\"WebSite\",\"@id\":\"https:\/\/swissmemorial.ch\/fr\/#website\",\"url\":\"https:\/\/swissmemorial.ch\/fr\/\",\"name\":\"Swiss Memorial\",\"description\":\"\",\"potentialAction\":[{\"@type\":\"SearchAction\",\"target\":{\"@type\":\"EntryPoint\",\"urlTemplate\":\"https:\/\/swissmemorial.ch\/fr\/?s={search_term_string}\"},\"query-input\":{\"@type\":\"PropertyValueSpecification\",\"valueRequired\":true,\"valueName\":\"search_term_string\"}}],\"inLanguage\":\"fr-FR\"}]}<\/script>\n<!-- \/ Yoast SEO plugin. -->","yoast_head_json":{"title":"Home - Swiss Memorial","robots":{"index":"index","follow":"follow","max-snippet":"max-snippet:-1","max-image-preview":"max-image-preview:large","max-video-preview":"max-video-preview:-1"},"canonical":"https:\/\/swissmemorial.ch\/fr\/","og_locale":"fr_FR","og_type":"article","og_title":"Home - Swiss Memorial","og_url":"https:\/\/swissmemorial.ch\/fr\/","og_site_name":"Swiss Memorial","article_modified_time":"2025-07-20T06:19:04+00:00","og_image":[{"width":200,"height":200,"url":"https:\/\/swissmemorial.ch\/wp-content\/uploads\/2021\/05\/featured-img.jpg","type":"image\/jpeg"}],"twitter_card":"summary_large_image","twitter_misc":{"Dur\u00e9e de lecture estim\u00e9e":"2 minutes"},"schema":{"@context":"https:\/\/schema.org","@graph":[{"@type":"WebPage","@id":"https:\/\/swissmemorial.ch\/fr\/","url":"https:\/\/swissmemorial.ch\/fr\/","name":"Home - Swiss Memorial","isPartOf":{"@id":"https:\/\/swissmemorial.ch\/fr\/#website"},"primaryImageOfPage":{"@id":"https:\/\/swissmemorial.ch\/fr\/#primaryimage"},"image":{"@id":"https:\/\/swissmemorial.ch\/fr\/#primaryimage"},"thumbnailUrl":"https:\/\/swissmemorial.ch\/wp-content\/uploads\/2021\/05\/featured-img.jpg","datePublished":"2021-05-24T05:57:28+00:00","dateModified":"2025-07-20T06:19:04+00:00","breadcrumb":{"@id":"https:\/\/swissmemorial.ch\/fr\/#breadcrumb"},"inLanguage":"fr-FR","potentialAction":[{"@type":"ReadAction","target":["https:\/\/swissmemorial.ch\/fr\/"]}]},{"@type":"ImageObject","inLanguage":"fr-FR","@id":"https:\/\/swissmemorial.ch\/fr\/#primaryimage","url":"https:\/\/swissmemorial.ch\/wp-content\/uploads\/2021\/05\/featured-img.jpg","contentUrl":"https:\/\/swissmemorial.ch\/wp-content\/uploads\/2021\/05\/featured-img.jpg","width":200,"height":200},{"@type":"BreadcrumbList","@id":"https:\/\/swissmemorial.ch\/fr\/#breadcrumb","itemListElement":[{"@type":"ListItem","position":1,"name":"Home","item":"https:\/\/swissmemorial.ch\/fr\/"},{"@type":"ListItem","position":2,"name":"Home"}]},{"@type":"WebSite","@id":"https:\/\/swissmemorial.ch\/fr\/#website","url":"https:\/\/swissmemorial.ch\/fr\/","name":"Swiss Memorial","description":"","potentialAction":[{"@type":"SearchAction","target":{"@type":"EntryPoint","urlTemplate":"https:\/\/swissmemorial.ch\/fr\/?s={search_term_string}"},"query-input":{"@type":"PropertyValueSpecification","valueRequired":true,"valueName":"search_term_string"}}],"inLanguage":"fr-FR"}]}},"_links":{"self":[{"href":"https:\/\/swissmemorial.ch\/fr\/wp-json\/wp\/v2\/pages\/349","targetHints":{"allow":["GET"]}}],"collection":[{"href":"https:\/\/swissmemorial.ch\/fr\/wp-json\/wp\/v2\/pages"}],"about":[{"href":"https:\/\/swissmemorial.ch\/fr\/wp-json\/wp\/v2\/types\/page"}],"author":[{"embeddable":true,"href":"https:\/\/swissmemorial.ch\/fr\/wp-json\/wp\/v2\/users\/2"}],"replies":[{"embeddable":true,"href":"https:\/\/swissmemorial.ch\/fr\/wp-json\/wp\/v2\/comments?post=349"}],"version-history":[{"count":23,"href":"https:\/\/swissmemorial.ch\/fr\/wp-json\/wp\/v2\/pages\/349\/revisions"}],"predecessor-version":[{"id":551,"href":"https:\/\/swissmemorial.ch\/fr\/wp-json\/wp\/v2\/pages\/349\/revisions\/551"}],"wp:featuredmedia":[{"embeddable":true,"href":"https:\/\/swissmemorial.ch\/fr\/wp-json\/wp\/v2\/media\/485"}],"wp:attachment":[{"href":"https:\/\/swissmemorial.ch\/fr\/wp-json\/wp\/v2\/media?parent=349"}],"curies":[{"name":"wp","href":"https:\/\/api.w.org\/{rel}","templated":true}]}}