{"id":3649,"date":"2025-12-18T07:04:41","date_gmt":"2025-12-18T06:04:41","guid":{"rendered":"https:\/\/swissmemorial.ch\/memoire\/"},"modified":"2026-05-12T06:00:05","modified_gmt":"2026-05-12T04:00:05","slug":"memoire","status":"publish","type":"page","link":"https:\/\/swissmemorial.ch\/fr\/memoire\/","title":{"rendered":"M\u00e9moire"},"content":{"rendered":"<p><div class=\"fusion-fullwidth fullwidth-box fusion-builder-row-1 fusion-flex-container has-pattern-background has-mask-background fusion-parallax-none hundred-percent-fullwidth non-hundred-percent-height-scrolling lazyload\" style=\"--awb-border-radius-top-left:0px;--awb-border-radius-top-right:0px;--awb-border-radius-bottom-right:0px;--awb-border-radius-bottom-left:0px;--awb-padding-top:20vh;--awb-padding-bottom:100px;--awb-padding-bottom-small:60px;--awb-min-height:450px;--awb-min-height-small:300px;--awb-background-image:linear-gradient(180deg, hsla(var(--awb-color8-h),var(--awb-color8-s),var(--awb-color8-l),calc(var(--awb-color8-a) - 70%)) 0%,hsla(var(--awb-color8-h),var(--awb-color8-s),var(--awb-color8-l),calc(var(--awb-color8-a) - 70%)) 100%);;--awb-background-size:cover;--awb-flex-wrap:wrap;\" data-bg=\"https:\/\/swissmemorial.ch\/wp-content\/uploads\/2026\/04\/Bern-Erinnerungsort.webp\" data-bg-gradient=\"linear-gradient(180deg, hsla(var(--awb-color8-h),var(--awb-color8-s),var(--awb-color8-l),calc(var(--awb-color8-a) - 70%)) 0%,hsla(var(--awb-color8-h),var(--awb-color8-s),var(--awb-color8-l),calc(var(--awb-color8-a) - 70%)) 100%)\" ><div class=\"fusion-builder-row fusion-row fusion-flex-align-items-flex-start fusion-flex-align-content-center fusion-flex-justify-content-center fusion-flex-content-wrap\" style=\"width:104% !important;max-width:104% !important;margin-left: calc(-4% \/ 2 );margin-right: calc(-4% \/ 2 );\"><div class=\"fusion-layout-column fusion_builder_column fusion-builder-column-0 fusion_builder_column_1_1 1_1 fusion-flex-column\" style=\"--awb-bg-size:cover;--awb-width-large:100%;--awb-margin-top-large:0px;--awb-spacing-right-large:1.92%;--awb-margin-bottom-large:20px;--awb-spacing-left-large:1.92%;--awb-width-medium:100%;--awb-order-medium:0;--awb-spacing-right-medium:1.92%;--awb-spacing-left-medium:1.92%;--awb-width-small:100%;--awb-order-small:0;--awb-spacing-right-small:1.92%;--awb-spacing-left-small:1.92%;\" data-scroll-devices=\"small-visibility,medium-visibility,large-visibility\"><div class=\"fusion-column-wrapper fusion-column-has-shadow fusion-flex-justify-content-flex-start fusion-content-layout-column\"><div class=\"fusion-title title fusion-title-1 fusion-sep-none fusion-title-center fusion-title-text fusion-title-size-one\" style=\"--awb-text-color:var(--awb-color1);\"><h1 class=\"fusion-title-heading title-heading-center fusion-responsive-typography-calculated\" style=\"margin:0;--fontSize:16;line-height:var(--awb-typography1-line-height);\">Lieu de m\u00e9moire de Berne<\/h1><\/div><\/div><\/div><\/div><\/div><div class=\"fusion-fullwidth fullwidth-box fusion-builder-row-2 fusion-flex-container has-pattern-background has-mask-background nonhundred-percent-fullwidth non-hundred-percent-height-scrolling\" style=\"--awb-border-radius-top-left:0px;--awb-border-radius-top-right:0px;--awb-border-radius-bottom-right:0px;--awb-border-radius-bottom-left:0px;--awb-padding-top:100px;--awb-padding-top-small:60px;--awb-margin-bottom-small:-50px;--awb-flex-wrap:wrap;\" ><div class=\"fusion-builder-row fusion-row fusion-flex-align-items-flex-start fusion-flex-justify-content-center fusion-flex-content-wrap\" style=\"max-width:95.68%;margin-left: calc(-4% \/ 2 );margin-right: calc(-4% \/ 2 );\"><div class=\"fusion-layout-column fusion_builder_column fusion-builder-column-1 fusion_builder_column_2_3 2_3 fusion-flex-column\" style=\"--awb-bg-size:cover;--awb-width-large:66.666666666667%;--awb-margin-top-large:0px;--awb-spacing-right-large:2.88%;--awb-margin-bottom-large:20px;--awb-spacing-left-large:2.88%;--awb-width-medium:100%;--awb-order-medium:0;--awb-spacing-right-medium:1.92%;--awb-spacing-left-medium:1.92%;--awb-width-small:100%;--awb-order-small:0;--awb-spacing-right-small:1.92%;--awb-spacing-left-small:1.92%;\"><div class=\"fusion-column-wrapper fusion-column-has-shadow fusion-flex-justify-content-flex-start fusion-content-layout-column\"><div class=\"fusion-text fusion-text-1\"><blockquote>\n<p>Le Reich allemand national-socialiste (1933-1945) a assassin\u00e9 six millions de Juifs et de Juives et commis d\u2019autres crimes de masse qui ont fait des centaines de milliers de victimes. La Suisse neutre a \u00e9t\u00e9 confront\u00e9e \u00e0 la politique de pers\u00e9cution et d\u2019extermination de son \u00c9tat voisin et a d\u00fb prendre des d\u00e9cisions difficiles, notamment en mati\u00e8re de politique d\u2019asile et de gestion de l\u2019\u00e9conomie de pillage allemande. En comm\u00e9moration des victimes du national-socialisme, la Conf\u00e9d\u00e9ration, en collaboration avec la Ville de Berne et des initiateurs et initiatrices de la soci\u00e9t\u00e9 civile, r\u00e9alise un lieu de m\u00e9moire dans la capitale. Ce lieu met l\u2019accent sur les marges de man\u0153uvre et la responsabilit\u00e9 de la politique et de la soci\u00e9t\u00e9 de l\u2019\u00e9poque. La confrontation avec le pass\u00e9 aiguise la conscience de la d\u00e9mocratie, des droits de l\u2019homme et du courage civique.    <\/p>\n<\/blockquote>\n<\/div><div class=\"fusion-title title fusion-title-2 fusion-sep-none fusion-title-text fusion-title-size-two\" style=\"--awb-margin-top:20px;\"><h2 class=\"fusion-title-heading title-heading-left fusion-responsive-typography-calculated\" style=\"margin:0;--fontSize:30;line-height:var(--awb-typography1-line-height);\">M\u00e9moire : relier le pass\u00e9 et le pr\u00e9sent<\/h2><\/div><div class=\"fusion-text fusion-text-2\"><p>Les crimes du r\u00e9gime national-socialiste allemand remontent \u00e0 plus de 80 ans, mais leurs cons\u00e9quences se font encore sentir aujourd\u2019hui. Les Juifs et les Juives, les Roms, les Sinti, les Sintizze et les Y\u00e9niches, ainsi que les personnes handicap\u00e9es ont \u00e9t\u00e9 victimes de l\u2019extermination syst\u00e9matique. Les opposants politiques ont \u00e9t\u00e9 pers\u00e9cut\u00e9s et assassin\u00e9s. Toutes les personnes que les nationaux-socialistes d\u00e9finissaient comme \u00e9trang\u00e8res, inf\u00e9rieures ou dangereuses \u00e9taient menac\u00e9es dans leur vie et leur int\u00e9grit\u00e9 physique. De nombreuses personnes pers\u00e9cut\u00e9es appartenaient \u00e0 des minorit\u00e9s, \u00e0 l\u2019\u00e9gard desquelles des pr\u00e9jug\u00e9s existaient non seulement en Allemagne, mais aussi dans de nombreux autres \u00c9tats.    <\/p>\n<p>La Suisse neutre a d\u00fb prendre position : des r\u00e9fugi\u00e9s ont cherch\u00e9 protection dans le pays \u00e9pargn\u00e9 par la guerre et ont tent\u00e9 de traverser la fronti\u00e8re depuis le Reich allemand national-socialiste, la France occup\u00e9e et l\u2019Italie fasciste. Des ressortissants suisses de l\u2019\u00e9tranger menac\u00e9s ont demand\u00e9 l\u2019aide des autorit\u00e9s suisses. En g\u00e9n\u00e9ral, les r\u00e9fugi\u00e9s \u00e9taient consid\u00e9r\u00e9s comme ind\u00e9sirables en Suisse, mais malgr\u00e9 cette politique de rejet, de nombreuses personnes ont apport\u00e9 une aide courageuse et d\u00e9sint\u00e9ress\u00e9e.  <\/p>\n<p>Afin de pr\u00e9venir de futurs crimes de masse \u00e9tatiques, les droits de l\u2019homme et la protection des minorit\u00e9s en droit international ont \u00e9t\u00e9 renforc\u00e9s apr\u00e8s 1945 \u2013 des droits qui ne sont en aucun cas acquis et encore trop souvent bafou\u00e9s.<\/p>\n<\/div><div class=\"fusion-title title fusion-title-3 fusion-sep-none fusion-title-text fusion-title-size-two\" style=\"--awb-margin-top:20px;\"><h2 class=\"fusion-title-heading title-heading-left fusion-responsive-typography-calculated\" style=\"margin:0;--fontSize:30;line-height:var(--awb-typography1-line-height);\">Le projet<\/h2><\/div><div class=\"fusion-text fusion-text-3\"><p>Le souvenir des victimes des crimes nationaux-socialistes est important pour notre pr\u00e9sent et notre avenir. Par l\u2019art et l\u2019information, le lieu de m\u00e9moire doit inciter \u00e0 se confronter au pass\u00e9. En tant que lieu de comm\u00e9moration vivant, il cr\u00e9e un espace de dialogue et de r\u00e9flexion et renforce la conscience du courage civique, de la solidarit\u00e9, des droits de l\u2019homme et de la d\u00e9mocratie.  <\/p>\n<p>En 2023, le Conseil f\u00e9d\u00e9ral a charg\u00e9 le D\u00e9partement f\u00e9d\u00e9ral des affaires \u00e9trang\u00e8res de cr\u00e9er le lieu de m\u00e9moire et a mis \u00e0 disposition 2,5 millions de francs \u00e0 cet effet. Le D\u00e9partement f\u00e9d\u00e9ral des affaires \u00e9trang\u00e8res, en collaboration avec la commune de Berne et les initiateurs et initiatrices de la soci\u00e9t\u00e9 civile, a \u00e9labor\u00e9 les bases et lanc\u00e9 un concours international pour la r\u00e9alisation du lieu de m\u00e9moire. Le jury du concours est pr\u00e9sid\u00e9 par Madeleine Schuppli.  <\/p>\n<p>Le lieu de m\u00e9moire sera r\u00e9alis\u00e9 sur la terrasse situ\u00e9e au-dessus du parking du Casino. Cette place anim\u00e9e est situ\u00e9e au c\u0153ur de la capitale, Berne, \u00e0 proximit\u00e9 imm\u00e9diate du Palais f\u00e9d\u00e9ral. Le choix de l\u2019emplacement exprime la responsabilit\u00e9 historique de la politique et de la soci\u00e9t\u00e9.  <\/p>\n<p><img decoding=\"async\" class=\"lazyload alignnone size-full wp-image-3352\" src=\"https:\/\/swissmemorial.ch\/wp-content\/uploads\/2026\/04\/Karte_Bern_map.bern_.ch_.webp\" data-orig-src=\"https:\/\/swissmemorial.ch\/wp-content\/uploads\/2026\/04\/Karte_Bern_map.bern_.ch_.webp\" alt=\"\" width=\"1920\" height=\"1094\" srcset=\"data:image\/svg+xml,%3Csvg%20xmlns%3D%27http%3A%2F%2Fwww.w3.org%2F2000%2Fsvg%27%20width%3D%271920%27%20height%3D%271094%27%20viewBox%3D%270%200%201920%201094%27%3E%3Crect%20width%3D%271920%27%20height%3D%271094%27%20fill-opacity%3D%220%22%2F%3E%3C%2Fsvg%3E\" data-srcset=\"https:\/\/swissmemorial.ch\/wp-content\/uploads\/2026\/04\/Karte_Bern_map.bern_.ch_-200x114.webp 200w, https:\/\/swissmemorial.ch\/wp-content\/uploads\/2026\/04\/Karte_Bern_map.bern_.ch_-300x171.webp 300w, https:\/\/swissmemorial.ch\/wp-content\/uploads\/2026\/04\/Karte_Bern_map.bern_.ch_-400x228.webp 400w, https:\/\/swissmemorial.ch\/wp-content\/uploads\/2026\/04\/Karte_Bern_map.bern_.ch_-600x342.webp 600w, https:\/\/swissmemorial.ch\/wp-content\/uploads\/2026\/04\/Karte_Bern_map.bern_.ch_-768x438.webp 768w, https:\/\/swissmemorial.ch\/wp-content\/uploads\/2026\/04\/Karte_Bern_map.bern_.ch_-800x456.webp 800w, https:\/\/swissmemorial.ch\/wp-content\/uploads\/2026\/04\/Karte_Bern_map.bern_.ch_-1024x583.webp 1024w, https:\/\/swissmemorial.ch\/wp-content\/uploads\/2026\/04\/Karte_Bern_map.bern_.ch_-1200x684.webp 1200w, https:\/\/swissmemorial.ch\/wp-content\/uploads\/2026\/04\/Karte_Bern_map.bern_.ch_-1536x875.webp 1536w, https:\/\/swissmemorial.ch\/wp-content\/uploads\/2026\/04\/Karte_Bern_map.bern_.ch_.webp 1920w\" data-sizes=\"auto\" data-orig-sizes=\"(max-width: 1920px) 100vw, 1920px\" \/><\/p>\n<\/div><div class=\"fusion-title title fusion-title-4 fusion-sep-none fusion-title-text fusion-title-size-two\" style=\"--awb-margin-top:20px;\"><h2 class=\"fusion-title-heading title-heading-left fusion-responsive-typography-calculated\" style=\"margin:0;--fontSize:30;line-height:var(--awb-typography1-line-height);\">\u00c9tat actuel (mai 2026)<\/h2><\/div><div class=\"fusion-text fusion-text-4\"><p>Le programme du concours a \u00e9t\u00e9 publi\u00e9 en juillet 2025 sur simap, la plateforme f\u00e9d\u00e9rale des march\u00e9s publics. Dans le cadre de la pr\u00e9qualification, 55 \u00e9quipes interdisciplinaires ont postul\u00e9. 11 \u00e9quipes ont \u00e9t\u00e9 charg\u00e9es par le jury fin 2025 d\u2019\u00e9laborer un projet. Le jury a charg\u00e9 11 \u00e9quipes, fin 2025, d\u2019\u00e9laborer un projet.\u00bbL\u2019\u00e9valuation des projets \u00e9labor\u00e9s est pr\u00e9vue pour l\u2019\u00e9t\u00e9 2026.<\/p>\n<\/div><div class=\"fusion-title title fusion-title-5 fusion-sep-none fusion-title-text fusion-title-size-two\" style=\"--awb-margin-top:20px;\"><h2 class=\"fusion-title-heading title-heading-left fusion-responsive-typography-calculated\" style=\"margin:0;--fontSize:30;line-height:var(--awb-typography1-line-height);\">Informations compl\u00e9mentaires<\/h2><\/div><div class=\"fusion-text fusion-text-5\"><p><span style=\"font-weight: 400;\">D\u00e9partement f\u00e9d\u00e9ral des affaires \u00e9trang\u00e8res :<br \/>\n<\/span><a href=\"https:\/\/www.eda.admin.ch\/eda\/de\/home\/das-eda\/aktuell\/dossiers\/schweizer-memorial-fuer-opfer-nationalsozialismus.html\" rel=\"nofollow noopener\" target=\"_blank\"><span style=\"font-weight: 400;\">M\u00e9morial suisse pour les victimes du national-socialisme \u2013 Un lieu de m\u00e9moire dans la ville de Berne<\/span><\/a><\/p>\n<p><span style=\"font-weight: 400;\">Plateforme des march\u00e9s publics simap :<br \/>\n<\/span><a href=\"https:\/\/www.simap.ch\/de\/project-detail\/057c4521-7ebf-4c3e-bdce-6af45c9bd2f7\" rel=\"nofollow noopener\" target=\"_blank\"><span style=\"font-weight: 400;\">\u00ab M\u00e9morial suisse pour les victimes du national-socialisme \u00bb un lieu de m\u00e9moire dans la ville de Berne<\/span><\/a><\/p>\n<\/div><\/div><\/div><\/div><\/div><\/p>\n","protected":false},"excerpt":{"rendered":"","protected":false},"author":2,"featured_media":3650,"parent":0,"menu_order":0,"comment_status":"closed","ping_status":"closed","template":"100-width.php","meta":{"footnotes":""},"class_list":["post-3649","page","type-page","status-publish","has-post-thumbnail","hentry"],"_links":{"self":[{"href":"https:\/\/swissmemorial.ch\/fr\/wp-json\/wp\/v2\/pages\/3649","targetHints":{"allow":["GET"]}}],"collection":[{"href":"https:\/\/swissmemorial.ch\/fr\/wp-json\/wp\/v2\/pages"}],"about":[{"href":"https:\/\/swissmemorial.ch\/fr\/wp-json\/wp\/v2\/types\/page"}],"author":[{"embeddable":true,"href":"https:\/\/swissmemorial.ch\/fr\/wp-json\/wp\/v2\/users\/2"}],"replies":[{"embeddable":true,"href":"https:\/\/swissmemorial.ch\/fr\/wp-json\/wp\/v2\/comments?post=3649"}],"version-history":[{"count":12,"href":"https:\/\/swissmemorial.ch\/fr\/wp-json\/wp\/v2\/pages\/3649\/revisions"}],"predecessor-version":[{"id":4536,"href":"https:\/\/swissmemorial.ch\/fr\/wp-json\/wp\/v2\/pages\/3649\/revisions\/4536"}],"wp:featuredmedia":[{"embeddable":true,"href":"https:\/\/swissmemorial.ch\/fr\/wp-json\/wp\/v2\/media\/3650"}],"wp:attachment":[{"href":"https:\/\/swissmemorial.ch\/fr\/wp-json\/wp\/v2\/media?parent=3649"}],"curies":[{"name":"wp","href":"https:\/\/api.w.org\/{rel}","templated":true}]}}