{"id":3664,"date":"2021-04-19T13:02:58","date_gmt":"2021-04-19T11:02:58","guid":{"rendered":"https:\/\/swissmemorial.ch\/accueil\/"},"modified":"2026-05-12T09:32:52","modified_gmt":"2026-05-12T07:32:52","slug":"accueil","status":"publish","type":"page","link":"https:\/\/swissmemorial.ch\/fr\/","title":{"rendered":"Accueil"},"content":{"rendered":"<div class=\"fusion-fullwidth fullwidth-box fusion-builder-row-1 fusion-flex-container has-pattern-background has-mask-background nonhundred-percent-fullwidth non-hundred-percent-height-scrolling\" style=\"--awb-background-blend-mode:lighten;--awb-border-radius-top-left:0px;--awb-border-radius-top-right:0px;--awb-border-radius-bottom-right:0px;--awb-border-radius-bottom-left:0px;--awb-padding-top:20vh;--awb-padding-bottom:100px;--awb-padding-top-medium:100px;--awb-padding-bottom-medium:60px;--awb-padding-top-small:80px;--awb-padding-bottom-small:40px;--awb-min-height:100vh;--awb-background-color:#f3f1ef;--awb-flex-wrap:wrap;\" ><div class=\"fusion-builder-row fusion-row fusion-flex-align-items-stretch fusion-flex-align-content-flex-start fusion-flex-justify-content-center fusion-flex-content-wrap\" style=\"max-width:95.68%;margin-left: calc(-4% \/ 2 );margin-right: calc(-4% \/ 2 );\"><div class=\"fusion-layout-column fusion_builder_column fusion-builder-column-0 fusion_builder_column_1_1 1_1 fusion-flex-column\" style=\"--awb-bg-size:cover;--awb-width-large:100%;--awb-margin-top-large:0px;--awb-spacing-right-large:1.92%;--awb-margin-bottom-large:40px;--awb-spacing-left-large:1.92%;--awb-width-medium:100%;--awb-order-medium:0;--awb-spacing-right-medium:1.92%;--awb-spacing-left-medium:1.92%;--awb-width-small:100%;--awb-order-small:0;--awb-spacing-right-small:1.92%;--awb-spacing-left-small:1.92%;\" data-scroll-devices=\"small-visibility,medium-visibility,large-visibility\"><div class=\"fusion-column-wrapper fusion-column-has-shadow fusion-flex-justify-content-flex-start fusion-content-layout-column\"><div class=\"fusion-title title fusion-title-1 fusion-sep-none fusion-title-center fusion-title-text fusion-title-size-one\"><h1 class=\"fusion-title-heading title-heading-center fusion-responsive-typography-calculated\" style=\"margin:0;--fontSize:16;line-height:var(--awb-typography1-line-height);\">M\u00c9MORIAL SUISSE<\/h1><\/div><div class=\"fusion-title title fusion-title-2 fusion-sep-none fusion-title-center fusion-title-text fusion-title-size-two\" style=\"--awb-font-size:20px;\"><h2 class=\"fusion-title-heading title-heading-center fusion-responsive-typography-calculated\" style=\"font-family:&quot;Inter&quot;;font-style:normal;font-weight:400;margin:0;letter-spacing:var(--awb-typography1-letter-spacing);text-transform:var(--awb-typography1-text-transform);font-size:1em;--fontSize:20;line-height:var(--awb-typography1-line-height);\">pour les victimes du national-socialisme<\/h2><\/div><\/div><\/div><div class=\"fusion-layout-column fusion_builder_column fusion-builder-column-1 fusion_builder_column_1_3 1_3 fusion-flex-column\" style=\"--awb-bg-size:cover;--awb-width-large:33.333333333333%;--awb-margin-top-large:0px;--awb-spacing-right-large:5.76%;--awb-margin-bottom-large:20px;--awb-spacing-left-large:5.76%;--awb-width-medium:100%;--awb-order-medium:0;--awb-spacing-right-medium:1.92%;--awb-margin-bottom-medium:60px;--awb-spacing-left-medium:1.92%;--awb-width-small:100%;--awb-order-small:0;--awb-spacing-right-small:1.92%;--awb-spacing-left-small:1.92%;\" data-scroll-devices=\"small-visibility,medium-visibility,large-visibility\"><div class=\"fusion-column-wrapper fusion-column-has-shadow fusion-flex-justify-content-flex-start fusion-content-layout-column\"><div class=\"fusion-builder-row fusion-builder-row-inner fusion-row fusion-flex-align-items-stretch fusion-flex-align-content-flex-start fusion-flex-justify-content-center fusion-flex-content-wrap\" style=\"--awb-min-height:no;--awb-min-height-medium:no;--awb-min-height-small:no;--awb-flex-grow:0;--awb-flex-grow-medium:0;--awb-flex-grow-small:0;--awb-flex-shrink:0;--awb-flex-shrink-medium:0;--awb-flex-shrink-small:0;width:104% !important;max-width:104% !important;margin-left: calc(-4% \/ 2 );margin-right: calc(-4% \/ 2 );\"><div class=\"fusion-layout-column fusion_builder_column_inner fusion-builder-nested-column-0 fusion_builder_column_inner_1_1 1_1 fusion-flex-column fusion-column-inner-bg-wrapper fusion-column-liftup-border\" style=\"--awb-padding-top:100px;--awb-padding-right:60px;--awb-padding-bottom:100px;--awb-padding-left:60px;--awb-padding-top-small:60px;--awb-padding-bottom-small:60px;--awb-overflow:hidden;--awb-inner-bg-color:#ddd1b9;--awb-inner-bg-color-hover:#ddd1b9;--awb-inner-bg-size:cover;--awb-border-radius:10px 10px 10px 10px;--awb-liftup-border-radius:10px 10px 10px 10px;--awb-width-large:100%;--awb-margin-top-large:0px;--awb-spacing-right-large:1.92%;--awb-margin-bottom-large:20px;--awb-spacing-left-large:1.92%;--awb-width-medium:100%;--awb-order-medium:0;--awb-spacing-right-medium:1.92%;--awb-spacing-left-medium:1.92%;--awb-width-small:100%;--awb-order-small:0;--awb-spacing-right-small:1.92%;--awb-spacing-left-small:1.92%;\" data-scroll-devices=\"small-visibility,medium-visibility,large-visibility\"><span class=\"fusion-column-inner-bg hover-type-liftup\"><a class=\"fusion-column-anchor\" href=\"https:\/\/swissmemorial.ch\/fr\/memoire\/\"><span class=\"fusion-column-inner-bg-image\"><\/span><\/a><\/span><div class=\"fusion-column-wrapper fusion-flex-justify-content-flex-start fusion-content-layout-column\"><div class=\"fusion-image-element \" style=\"text-align:center;--awb-max-width:130px;--awb-caption-title-font-family:var(--h2_typography-font-family);--awb-caption-title-font-weight:var(--h2_typography-font-weight);--awb-caption-title-font-style:var(--h2_typography-font-style);--awb-caption-title-size:var(--h2_typography-font-size);--awb-caption-title-transform:var(--h2_typography-text-transform);--awb-caption-title-line-height:var(--h2_typography-line-height);--awb-caption-title-letter-spacing:var(--h2_typography-letter-spacing);\"><span class=\" fusion-imageframe imageframe-none imageframe-1 hover-type-none\" style=\"border-radius:10px;\"><img decoding=\"async\" width=\"1000\" height=\"1000\" title=\"Se souvenir-1\" src=\"https:\/\/swissmemorial.ch\/wp-content\/uploads\/2026\/04\/Erinnern-1.webp\" class=\"img-responsive wp-image-3670 disable-lazyload\" fetchpriority=\"high\" srcset=\"https:\/\/swissmemorial.ch\/wp-content\/uploads\/2026\/04\/Erinnern-1-200x200.webp 200w, https:\/\/swissmemorial.ch\/wp-content\/uploads\/2026\/04\/Erinnern-1-400x400.webp 400w, https:\/\/swissmemorial.ch\/wp-content\/uploads\/2026\/04\/Erinnern-1-600x600.webp 600w, https:\/\/swissmemorial.ch\/wp-content\/uploads\/2026\/04\/Erinnern-1-800x800.webp 800w, https:\/\/swissmemorial.ch\/wp-content\/uploads\/2026\/04\/Erinnern-1.webp 1000w\" sizes=\"(max-width: 820px) 100vw, (max-width: 667px) 100vw, 1000px\" alt=\"\"><\/span><\/div><\/div><\/div><\/div><div style=\"text-align:center;\"><a class=\"fusion-button button-flat fusion-button-default-size button-custom fusion-button-default button-1 fusion-button-span-no fusion-button-span-default-medium fusion-button-default-type\" style=\"--awb-padding-top:0px;--awb-padding-right:0px;--awb-padding-bottom:0px;--awb-padding-left:0px;--button_accent_color:var(--awb-color8);--button_border_color:var(--awb-color8);--button_accent_hover_color:var(--awb-color5);--button_border_hover_color:var(--awb-color5);--button_gradient_top_color:rgba(163,163,163,0);--button_gradient_bottom_color:rgba(163,163,163,0);--button_gradient_top_color_hover:rgba(163,163,163,0);--button_gradient_bottom_color_hover:rgba(163,163,163,0);--button_font_size:22px;\" target=\"_self\" href=\"https:\/\/swissmemorial.ch\/fr\/memoire\/\"><span class=\"fusion-button-text awb-button__text awb-button__text--default\">Lieu de m\u00e9moire de Berne<\/span><i class=\"googlematerialicon-arrow-top-right awb-button__icon awb-button__icon--default button-icon-right\" aria-hidden=\"true\"><\/i><\/a><\/div><\/div><\/div><div class=\"fusion-layout-column fusion_builder_column fusion-builder-column-2 fusion_builder_column_1_3 1_3 fusion-flex-column\" style=\"--awb-bg-size:cover;--awb-width-large:33.333333333333%;--awb-margin-top-large:0px;--awb-spacing-right-large:5.76%;--awb-margin-bottom-large:20px;--awb-spacing-left-large:5.76%;--awb-width-medium:100%;--awb-order-medium:0;--awb-spacing-right-medium:1.92%;--awb-margin-bottom-medium:60px;--awb-spacing-left-medium:1.92%;--awb-width-small:100%;--awb-order-small:0;--awb-spacing-right-small:1.92%;--awb-spacing-left-small:1.92%;\" data-scroll-devices=\"small-visibility,medium-visibility,large-visibility\"><div class=\"fusion-column-wrapper fusion-column-has-shadow fusion-flex-justify-content-flex-start fusion-content-layout-column\"><div class=\"fusion-builder-row fusion-builder-row-inner fusion-row fusion-flex-align-items-stretch fusion-flex-align-content-flex-start fusion-flex-justify-content-center fusion-flex-content-wrap\" style=\"--awb-min-height:no;--awb-min-height-medium:no;--awb-min-height-small:no;--awb-flex-grow:0;--awb-flex-grow-medium:0;--awb-flex-grow-small:0;--awb-flex-shrink:0;--awb-flex-shrink-medium:0;--awb-flex-shrink-small:0;width:104% !important;max-width:104% !important;margin-left: calc(-4% \/ 2 );margin-right: calc(-4% \/ 2 );\"><div class=\"fusion-layout-column fusion_builder_column_inner fusion-builder-nested-column-1 fusion_builder_column_inner_1_1 1_1 fusion-flex-column fusion-column-inner-bg-wrapper fusion-column-liftup-border\" style=\"--awb-padding-top:100px;--awb-padding-right:60px;--awb-padding-bottom:100px;--awb-padding-left:60px;--awb-padding-top-small:60px;--awb-padding-bottom-small:60px;--awb-overflow:hidden;--awb-inner-bg-color:var(--awb-color1);--awb-inner-bg-color-hover:var(--awb-color1);--awb-inner-bg-size:cover;--awb-border-radius:10px 10px 10px 10px;--awb-liftup-border-radius:10px 10px 10px 10px;--awb-width-large:100%;--awb-margin-top-large:0px;--awb-spacing-right-large:1.92%;--awb-margin-bottom-large:20px;--awb-spacing-left-large:1.92%;--awb-width-medium:100%;--awb-order-medium:0;--awb-spacing-right-medium:1.92%;--awb-spacing-left-medium:1.92%;--awb-width-small:100%;--awb-order-small:0;--awb-spacing-right-small:1.92%;--awb-spacing-left-small:1.92%;\" data-scroll-devices=\"small-visibility,medium-visibility,large-visibility\"><span class=\"fusion-column-inner-bg hover-type-liftup\"><a class=\"fusion-column-anchor\" href=\"https:\/\/swissmemorial.ch\/fr\/connecter\/\"><span class=\"fusion-column-inner-bg-image\"><\/span><\/a><\/span><div class=\"fusion-column-wrapper fusion-flex-justify-content-flex-start fusion-content-layout-column\"><div class=\"fusion-image-element \" style=\"text-align:center;--awb-max-width:130px;--awb-caption-title-font-family:var(--h2_typography-font-family);--awb-caption-title-font-weight:var(--h2_typography-font-weight);--awb-caption-title-font-style:var(--h2_typography-font-style);--awb-caption-title-size:var(--h2_typography-font-size);--awb-caption-title-transform:var(--h2_typography-text-transform);--awb-caption-title-line-height:var(--h2_typography-line-height);--awb-caption-title-letter-spacing:var(--h2_typography-letter-spacing);\"><span class=\" fusion-imageframe imageframe-none imageframe-2 hover-type-none\" style=\"border-radius:10px;\"><img decoding=\"async\" width=\"1000\" height=\"1000\" title=\"combin\u00e9\" src=\"https:\/\/swissmemorial.ch\/wp-content\/uploads\/2026\/04\/combined-1.webp\" class=\"img-responsive wp-image-3671 disable-lazyload\" fetchpriority=\"high\" srcset=\"https:\/\/swissmemorial.ch\/wp-content\/uploads\/2026\/04\/combined-1-200x200.webp 200w, https:\/\/swissmemorial.ch\/wp-content\/uploads\/2026\/04\/combined-1-400x400.webp 400w, https:\/\/swissmemorial.ch\/wp-content\/uploads\/2026\/04\/combined-1-600x600.webp 600w, https:\/\/swissmemorial.ch\/wp-content\/uploads\/2026\/04\/combined-1-800x800.webp 800w, https:\/\/swissmemorial.ch\/wp-content\/uploads\/2026\/04\/combined-1.webp 1000w\" sizes=\"(max-width: 820px) 100vw, (max-width: 667px) 100vw, 1000px\" alt=\"\"><\/span><\/div><\/div><\/div><\/div><div style=\"text-align:center;\"><a class=\"fusion-button button-flat fusion-button-default-size button-custom fusion-button-default button-2 fusion-button-span-no fusion-button-span-default-medium fusion-button-default-type\" style=\"--awb-padding-top:0px;--awb-padding-right:0px;--awb-padding-bottom:0px;--awb-padding-left:0px;--button_accent_color:var(--awb-color8);--button_border_color:var(--awb-color8);--button_accent_hover_color:var(--awb-color5);--button_border_hover_color:var(--awb-color5);--button_gradient_top_color:rgba(163,163,163,0);--button_gradient_bottom_color:rgba(163,163,163,0);--button_gradient_top_color_hover:rgba(163,163,163,0);--button_gradient_bottom_color_hover:rgba(163,163,163,0);--button_font_size:22px;\" target=\"_self\" href=\"https:\/\/swissmemorial.ch\/fr\/connecter\/\"><span class=\"fusion-button-text awb-button__text awb-button__text--default\">R\u00e9seau<\/span><i class=\"googlematerialicon-arrow-top-right awb-button__icon awb-button__icon--default button-icon-right\" aria-hidden=\"true\"><\/i><\/a><\/div><\/div><\/div><div class=\"fusion-layout-column fusion_builder_column fusion-builder-column-3 fusion_builder_column_1_3 1_3 fusion-flex-column\" style=\"--awb-bg-size:cover;--awb-width-large:33.333333333333%;--awb-margin-top-large:0px;--awb-spacing-right-large:5.76%;--awb-margin-bottom-large:20px;--awb-spacing-left-large:5.76%;--awb-width-medium:100%;--awb-order-medium:0;--awb-spacing-right-medium:1.92%;--awb-spacing-left-medium:1.92%;--awb-width-small:100%;--awb-order-small:0;--awb-spacing-right-small:1.92%;--awb-spacing-left-small:1.92%;\" data-scroll-devices=\"small-visibility,medium-visibility,large-visibility\"><div class=\"fusion-column-wrapper fusion-column-has-shadow fusion-flex-justify-content-flex-start fusion-content-layout-column\"><div class=\"fusion-builder-row fusion-builder-row-inner fusion-row fusion-flex-align-items-stretch fusion-flex-align-content-flex-start fusion-flex-justify-content-center fusion-flex-content-wrap\" style=\"--awb-min-height:no;--awb-min-height-medium:no;--awb-min-height-small:no;--awb-flex-grow:undefined;--awb-flex-grow-medium:undefined;--awb-flex-grow-small:undefined;--awb-flex-shrink:undefined;--awb-flex-shrink-medium:undefined;--awb-flex-shrink-small:undefined;width:104% !important;max-width:104% !important;margin-left: calc(-4% \/ 2 );margin-right: calc(-4% \/ 2 );\"><div class=\"fusion-layout-column fusion_builder_column_inner fusion-builder-nested-column-2 fusion_builder_column_inner_1_1 1_1 fusion-flex-column fusion-column-inner-bg-wrapper fusion-column-liftup-border\" style=\"--awb-padding-top:100px;--awb-padding-right:60px;--awb-padding-bottom:100px;--awb-padding-left:60px;--awb-padding-top-small:60px;--awb-padding-bottom-small:60px;--awb-overflow:hidden;--awb-inner-bg-color:var(--awb-color5);--awb-inner-bg-color-hover:var(--awb-color5);--awb-inner-bg-size:cover;--awb-border-radius:10px 10px 10px 10px;--awb-liftup-border-radius:10px 10px 10px 10px;--awb-width-large:100%;--awb-margin-top-large:0px;--awb-spacing-right-large:1.92%;--awb-margin-bottom-large:20px;--awb-spacing-left-large:1.92%;--awb-width-medium:100%;--awb-order-medium:0;--awb-spacing-right-medium:1.92%;--awb-spacing-left-medium:1.92%;--awb-width-small:100%;--awb-order-small:0;--awb-spacing-right-small:1.92%;--awb-spacing-left-small:1.92%;\" data-scroll-devices=\"small-visibility,medium-visibility,large-visibility\"><span class=\"fusion-column-inner-bg hover-type-liftup\"><a class=\"fusion-column-anchor\" href=\"https:\/\/swissmemorial.ch\/fr\/mediation\/\"><span class=\"fusion-column-inner-bg-image\"><\/span><\/a><\/span><div class=\"fusion-column-wrapper fusion-flex-justify-content-flex-start fusion-content-layout-column\"><div class=\"fusion-image-element \" style=\"text-align:center;--awb-max-width:130px;--awb-caption-title-font-family:var(--h2_typography-font-family);--awb-caption-title-font-weight:var(--h2_typography-font-weight);--awb-caption-title-font-style:var(--h2_typography-font-style);--awb-caption-title-size:var(--h2_typography-font-size);--awb-caption-title-transform:var(--h2_typography-text-transform);--awb-caption-title-line-height:var(--h2_typography-line-height);--awb-caption-title-letter-spacing:var(--h2_typography-letter-spacing);\"><span class=\" fusion-imageframe imageframe-none imageframe-3 hover-type-none\" style=\"border-radius:10px;\"><img decoding=\"async\" width=\"1000\" height=\"1000\" title=\"Transmettre-1\" src=\"https:\/\/swissmemorial.ch\/wp-content\/uploads\/2026\/04\/Vermitteln-1.webp\" class=\"img-responsive wp-image-3672 disable-lazyload\" fetchpriority=\"high\" srcset=\"https:\/\/swissmemorial.ch\/wp-content\/uploads\/2026\/04\/Vermitteln-1-200x200.webp 200w, https:\/\/swissmemorial.ch\/wp-content\/uploads\/2026\/04\/Vermitteln-1-400x400.webp 400w, https:\/\/swissmemorial.ch\/wp-content\/uploads\/2026\/04\/Vermitteln-1-600x600.webp 600w, https:\/\/swissmemorial.ch\/wp-content\/uploads\/2026\/04\/Vermitteln-1-800x800.webp 800w, https:\/\/swissmemorial.ch\/wp-content\/uploads\/2026\/04\/Vermitteln-1.webp 1000w\" sizes=\"(max-width: 820px) 100vw, (max-width: 667px) 100vw, 1000px\" alt=\"\"><\/span><\/div><\/div><\/div><\/div><div style=\"text-align:center;\"><a class=\"fusion-button button-flat fusion-button-default-size button-custom fusion-button-default button-3 fusion-button-span-no fusion-button-span-default-medium fusion-button-default-type\" style=\"--awb-padding-top:0px;--awb-padding-right:0px;--awb-padding-bottom:0px;--awb-padding-left:0px;--button_accent_color:var(--awb-color8);--button_border_color:var(--awb-color8);--button_accent_hover_color:var(--awb-color5);--button_border_hover_color:var(--awb-color5);--button_gradient_top_color:rgba(163,163,163,0);--button_gradient_bottom_color:rgba(163,163,163,0);--button_gradient_top_color_hover:rgba(163,163,163,0);--button_gradient_bottom_color_hover:rgba(163,163,163,0);--button_font_size:22px;\" target=\"_self\" href=\"https:\/\/swissmemorial.ch\/fr\/mediation\/\"><span class=\"fusion-button-text awb-button__text awb-button__text--default\">Centre de m\u00e9diation de l\u2019histoire des r\u00e9fugi\u00e9s \u00e0 Diepoldsau<\/span><i class=\"googlematerialicon-arrow-top-right awb-button__icon awb-button__icon--default button-icon-right\" aria-hidden=\"true\"><\/i><\/a><\/div><\/div><\/div><div class=\"fusion-layout-column fusion_builder_column fusion-builder-column-4 fusion_builder_column_1_1 1_1 fusion-flex-column\" style=\"--awb-bg-size:cover;--awb-width-large:100%;--awb-margin-top-large:40px;--awb-spacing-right-large:1.92%;--awb-margin-bottom-large:20px;--awb-spacing-left-large:1.92%;--awb-width-medium:100%;--awb-order-medium:0;--awb-spacing-right-medium:1.92%;--awb-spacing-left-medium:1.92%;--awb-width-small:100%;--awb-order-small:0;--awb-spacing-right-small:1.92%;--awb-spacing-left-small:1.92%;\" data-scroll-devices=\"small-visibility,medium-visibility,large-visibility\"><div class=\"fusion-column-wrapper fusion-column-has-shadow fusion-flex-justify-content-flex-start fusion-content-layout-column\"><div class=\"fusion-text fusion-text-1\" style=\"--awb-content-alignment:center;\"><p>La Suisse cr\u00e9e un m\u00e9morial pour les victimes du national-socialisme, sur la base de la d\u00e9cision du Conseil f\u00e9d\u00e9ral du 26 avril 2023. \u00c0 Berne, centre politique de la Suisse, un lieu de m\u00e9moire est cr\u00e9\u00e9 en tant qu\u2019expression de la responsabilit\u00e9 historique. Le centre de m\u00e9diation transnational sur la fuite de Diepoldsau, dans la vall\u00e9e du Rhin saint-galloise, montre ce qui s\u2019est pass\u00e9 entre 1933 et 1945 \u00e0 la fronti\u00e8re avec les pays voisins : l\u2019Allemagne, l\u2019Autriche, la France, l\u2019Italie et le Liechtenstein. De plus, un r\u00e9seau relie les acteurs et actrices qui, en Suisse, s\u2019engagent dans la recherche, l\u2019\u00e9ducation et la culture de la m\u00e9moire concernant les crimes de l\u2019\u00e9poque et leurs victimes.<\/p>\n<\/div><\/div><\/div><\/div><\/div>\n","protected":false},"excerpt":{"rendered":"","protected":false},"author":2,"featured_media":0,"parent":0,"menu_order":0,"comment_status":"closed","ping_status":"closed","template":"100-width.php","meta":{"footnotes":""},"class_list":["post-3664","page","type-page","status-publish","hentry"],"_links":{"self":[{"href":"https:\/\/swissmemorial.ch\/fr\/wp-json\/wp\/v2\/pages\/3664","targetHints":{"allow":["GET"]}}],"collection":[{"href":"https:\/\/swissmemorial.ch\/fr\/wp-json\/wp\/v2\/pages"}],"about":[{"href":"https:\/\/swissmemorial.ch\/fr\/wp-json\/wp\/v2\/types\/page"}],"author":[{"embeddable":true,"href":"https:\/\/swissmemorial.ch\/fr\/wp-json\/wp\/v2\/users\/2"}],"replies":[{"embeddable":true,"href":"https:\/\/swissmemorial.ch\/fr\/wp-json\/wp\/v2\/comments?post=3664"}],"version-history":[{"count":34,"href":"https:\/\/swissmemorial.ch\/fr\/wp-json\/wp\/v2\/pages\/3664\/revisions"}],"predecessor-version":[{"id":4644,"href":"https:\/\/swissmemorial.ch\/fr\/wp-json\/wp\/v2\/pages\/3664\/revisions\/4644"}],"wp:attachment":[{"href":"https:\/\/swissmemorial.ch\/fr\/wp-json\/wp\/v2\/media?parent=3664"}],"curies":[{"name":"wp","href":"https:\/\/api.w.org\/{rel}","templated":true}]}}