{"id":388,"date":"2021-05-24T06:18:33","date_gmt":"2021-05-24T06:18:33","guid":{"rendered":"https:\/\/swissmemorial.ch\/?page_id=388"},"modified":"2021-05-24T06:19:03","modified_gmt":"2021-05-24T06:19:03","slug":"commemorer","status":"publish","type":"page","link":"https:\/\/swissmemorial.ch\/fr\/commemorer\/","title":{"rendered":"COMM\u00c9MORER"},"content":{"rendered":"<p><div class=\"fusion-fullwidth fullwidth-box fusion-builder-row-1 fusion-flex-container fusion-parallax-none nonhundred-percent-fullwidth non-hundred-percent-height-scrolling\" style=\"--awb-background-position:center top;--awb-border-radius-top-left:0px;--awb-border-radius-top-right:0px;--awb-border-radius-bottom-right:0px;--awb-border-radius-bottom-left:0px;--awb-padding-top:250px;--awb-padding-bottom:250px;--awb-padding-top-small:120px;--awb-padding-bottom-small:120px;--awb-background-image:linear-gradient(180deg, rgba(0,0,0,0.4) 0%,rgba(0,0,0,0.4) 100%),url(https:\/\/swissmemorial.ch\/wp-content\/uploads\/2021\/05\/erinnern-page-hero-bg.jpg);;--awb-background-size:cover;--awb-flex-wrap:wrap;\" ><div class=\"fusion-builder-row fusion-row fusion-flex-align-items-flex-start fusion-flex-content-wrap\" style=\"max-width:1331.2px;margin-left: calc(-4% \/ 2 );margin-right: calc(-4% \/ 2 );\"><div class=\"fusion-layout-column fusion_builder_column fusion-builder-column-0 fusion_builder_column_1_1 1_1 fusion-flex-column fusion-animated\" style=\"--awb-bg-size:cover;--awb-width-large:100%;--awb-margin-top-large:0px;--awb-spacing-right-large:1.92%;--awb-margin-bottom-large:20px;--awb-spacing-left-large:1.92%;--awb-width-medium:100%;--awb-order-medium:0;--awb-spacing-right-medium:1.92%;--awb-spacing-left-medium:1.92%;--awb-width-small:100%;--awb-order-small:0;--awb-spacing-right-small:1.92%;--awb-spacing-left-small:1.92%;\" data-animationType=\"fadeInUp\" data-animationDuration=\"1.0\" data-animationOffset=\"top-into-view\"><div class=\"fusion-column-wrapper fusion-column-has-shadow fusion-flex-justify-content-flex-start fusion-content-layout-column\"><div class=\"fusion-title title fusion-title-1 fusion-no-small-visibility fusion-sep-none fusion-title-center fusion-title-text fusion-title-size-one\" style=\"--awb-text-color:#ffffff;--awb-margin-top:30px;--awb-font-size:72px;\"><h1 class=\"fusion-title-heading title-heading-center\" style=\"margin:0;font-size:1em;\">COMM\u00c9MORER<\/h1><\/div><div class=\"fusion-title title fusion-title-2 fusion-no-medium-visibility fusion-no-large-visibility fusion-sep-none fusion-title-center fusion-title-text fusion-title-size-one\" style=\"--awb-text-color:#ffffff;--awb-margin-top:30px;--awb-font-size:42px;\"><h1 class=\"fusion-title-heading title-heading-center\" style=\"margin:0;font-size:1em;\">COMM\u00c9MORER<\/h1><\/div><\/div><\/div><\/div><\/div><div class=\"fusion-fullwidth fullwidth-box fusion-builder-row-2 fusion-flex-container nonhundred-percent-fullwidth non-hundred-percent-height-scrolling\" style=\"--awb-border-radius-top-left:0px;--awb-border-radius-top-right:0px;--awb-border-radius-bottom-right:0px;--awb-border-radius-bottom-left:0px;--awb-padding-top:80px;--awb-padding-bottom:80px;--awb-padding-bottom-small:40px;--awb-flex-wrap:wrap;\" ><div class=\"fusion-builder-row fusion-row fusion-flex-align-items-flex-start fusion-flex-content-wrap\" style=\"max-width:1331.2px;margin-left: calc(-4% \/ 2 );margin-right: calc(-4% \/ 2 );\"><div class=\"fusion-layout-column fusion_builder_column fusion-builder-column-1 fusion_builder_column_1_1 1_1 fusion-flex-column fusion-animated\" style=\"--awb-bg-size:cover;--awb-width-large:100%;--awb-margin-top-large:0px;--awb-spacing-right-large:1.92%;--awb-margin-bottom-large:20px;--awb-spacing-left-large:1.92%;--awb-width-medium:100%;--awb-order-medium:0;--awb-spacing-right-medium:1.92%;--awb-spacing-left-medium:1.92%;--awb-width-small:100%;--awb-order-small:0;--awb-spacing-right-small:1.92%;--awb-spacing-left-small:1.92%;\" data-animationType=\"fadeInUp\" data-animationDuration=\"1.0\" data-animationOffset=\"top-into-view\"><div class=\"fusion-column-wrapper fusion-column-has-shadow fusion-flex-justify-content-flex-start fusion-content-layout-column\"><div class=\"fusion-text fusion-text-1\" style=\"--awb-line-height:190%;\"><p>Les victimes suisses du national-socialisme se trouvent, dans le meilleur des cas, en marge de la conscience sociale et historique. Ce n\u2019est que dans des travaux de recherche r\u00e9cents qu\u2019on a commenc\u00e9 \u00e0 s\u2019int\u00e9resser \u00e0 leurs destins. Il est grand temps de leur d\u00e9dier un lieu au c\u0153ur de notre soci\u00e9t\u00e9. Le groupe de pilotage pr\u00e9voit un lieu de comm\u00e9moration situ\u00e9 dans l\u2019espace public \u00e0 la mani\u00e8re d\u2019une intervention artistique.<\/p>\n<p>Ce lieu de comm\u00e9moration \u00e0 Berne rappellera la m\u00e9moire des Suissesses et des Suisses qui, en tant que Juives et Juifs, opposant(e)s politiques ou pour d\u2019autres raisons, ont \u00e9t\u00e9 pers\u00e9cut\u00e9s, priv\u00e9s de leurs droits et assassin\u00e9s par le r\u00e9gime national-socialiste. Il sera \u00e9galement d\u00e9di\u00e9 aux personnes qui ont fait front face au nazisme ou qui ont apport\u00e9 aide et protection \u00e0 ses victimes. Il comm\u00e9morera enfin les femmes, les hommes et les enfants pers\u00e9cut\u00e9s que les autorit\u00e9s suisses ont refus\u00e9 de sauver ainsi que toutes les personnes qui ont \u00e9t\u00e9 victimes du national-socialisme et de l\u2019Holocauste.<\/p>\n<p>Le m\u00e9morial pour les victimes suisses du national-socialisme doit \u00eatre un lieu de comm\u00e9moration dans lequel chacune et chacun se sentira bienvenu(e) et en s\u00e9curit\u00e9. La cr\u00e9ation d\u2019un tel lieu de comm\u00e9moration implique la participation de la population, des institutions et des partis politiques. Chacune et chacun est invit\u00e9(e) \u00e0 faire part de ses id\u00e9es, de ses craintes, de ses questions et de ses souhaits. Le lieu de comm\u00e9moration sera ainsi le r\u00e9sultat d\u2019un processus de formation de l\u2019opinion et d\u2019un d\u00e9bat \u00e0 l\u2019\u00e9chelle suisse.<\/p>\n<p>Un concours public d\u2019art et d\u2019architecture d\u00e9terminera qui sera charg\u00e9 de la conception de ce lieu. Le groupe de pilotage propose qu\u2019il soit situ\u00e9 dans la capitale suisse, \u00e0 Berne, de mani\u00e8re \u00e0 exprimer symboliquement que la Suisse reconna\u00eet sa responsabilit\u00e9 historique.<\/p>\n<\/div><\/div><\/div><div class=\"fusion-layout-column fusion_builder_column fusion-builder-column-2 fusion_builder_column_1_1 1_1 fusion-flex-column fusion-animated\" style=\"--awb-bg-size:cover;--awb-width-large:100%;--awb-margin-top-large:0px;--awb-spacing-right-large:1.92%;--awb-margin-bottom-large:40px;--awb-spacing-left-large:1.92%;--awb-width-medium:100%;--awb-order-medium:0;--awb-spacing-right-medium:1.92%;--awb-spacing-left-medium:1.92%;--awb-width-small:100%;--awb-order-small:0;--awb-spacing-right-small:1.92%;--awb-spacing-left-small:1.92%;\" data-animationType=\"fadeInUp\" data-animationDuration=\"1.0\" data-animationOffset=\"top-into-view\"><div class=\"fusion-column-wrapper fusion-column-has-shadow fusion-flex-justify-content-flex-start fusion-content-layout-column\"><div ><a class=\"fusion-button button-flat button-xlarge button-custom fusion-button-default button-1 fusion-button-default-span fusion-button-default-type\" style=\"--button_accent_color:#ffffff;--button_accent_hover_color:#94a4a8;--button_border_hover_color:#94a4a8;--button_gradient_top_color:#94a4a8;--button_gradient_bottom_color:#94a4a8;--button_gradient_top_color_hover:#ffffff;--button_gradient_bottom_color_hover:#ffffff;--button_text_transform:uppercase;\" target=\"_blank\" rel=\"noopener noreferrer\" href=\"https:\/\/swissmemorial.ch\/wp-content\/uploads\/2021\/05\/2021-05-25_OnePager_Erinnern.pdf\"><i class=\"fa-cloud-download-alt fas awb-button__icon awb-button__icon--default button-icon-left\" aria-hidden=\"true\"><\/i><span class=\"fusion-button-text awb-button__text awb-button__text--default\">INFO PDF <\/span><\/a><\/div><\/div><\/div><\/div><\/div><\/p>\n","protected":false},"excerpt":{"rendered":"","protected":false},"author":2,"featured_media":0,"parent":0,"menu_order":0,"comment_status":"closed","ping_status":"closed","template":"100-width.php","meta":{"footnotes":""},"class_list":["post-388","page","type-page","status-publish","hentry"],"yoast_head":"<!-- This site is optimized with the Yoast SEO plugin v25.5 - https:\/\/yoast.com\/wordpress\/plugins\/seo\/ -->\n<title>COMM\u00c9MORER - Swiss Memorial<\/title>\n<meta name=\"robots\" content=\"index, follow, max-snippet:-1, max-image-preview:large, max-video-preview:-1\" \/>\n<link rel=\"canonical\" href=\"https:\/\/swissmemorial.ch\/fr\/commemorer\/\" \/>\n<meta property=\"og:locale\" content=\"fr_FR\" \/>\n<meta property=\"og:type\" content=\"article\" \/>\n<meta property=\"og:title\" content=\"COMM\u00c9MORER - Swiss Memorial\" \/>\n<meta property=\"og:url\" content=\"https:\/\/swissmemorial.ch\/fr\/commemorer\/\" \/>\n<meta property=\"og:site_name\" content=\"Swiss Memorial\" \/>\n<meta property=\"article:modified_time\" content=\"2021-05-24T06:19:03+00:00\" \/>\n<meta name=\"twitter:card\" content=\"summary_large_image\" \/>\n<meta name=\"twitter:label1\" content=\"Dur\u00e9e de lecture estim\u00e9e\" \/>\n\t<meta name=\"twitter:data1\" content=\"12 minutes\" \/>\n<script type=\"application\/ld+json\" class=\"yoast-schema-graph\">{\"@context\":\"https:\/\/schema.org\",\"@graph\":[{\"@type\":\"WebPage\",\"@id\":\"https:\/\/swissmemorial.ch\/fr\/commemorer\/\",\"url\":\"https:\/\/swissmemorial.ch\/fr\/commemorer\/\",\"name\":\"COMM\u00c9MORER - Swiss Memorial\",\"isPartOf\":{\"@id\":\"https:\/\/swissmemorial.ch\/fr\/#website\"},\"datePublished\":\"2021-05-24T06:18:33+00:00\",\"dateModified\":\"2021-05-24T06:19:03+00:00\",\"breadcrumb\":{\"@id\":\"https:\/\/swissmemorial.ch\/fr\/commemorer\/#breadcrumb\"},\"inLanguage\":\"fr-FR\",\"potentialAction\":[{\"@type\":\"ReadAction\",\"target\":[\"https:\/\/swissmemorial.ch\/fr\/commemorer\/\"]}]},{\"@type\":\"BreadcrumbList\",\"@id\":\"https:\/\/swissmemorial.ch\/fr\/commemorer\/#breadcrumb\",\"itemListElement\":[{\"@type\":\"ListItem\",\"position\":1,\"name\":\"Home\",\"item\":\"https:\/\/swissmemorial.ch\/fr\/\"},{\"@type\":\"ListItem\",\"position\":2,\"name\":\"COMM\u00c9MORER\"}]},{\"@type\":\"WebSite\",\"@id\":\"https:\/\/swissmemorial.ch\/fr\/#website\",\"url\":\"https:\/\/swissmemorial.ch\/fr\/\",\"name\":\"Swiss Memorial\",\"description\":\"\",\"potentialAction\":[{\"@type\":\"SearchAction\",\"target\":{\"@type\":\"EntryPoint\",\"urlTemplate\":\"https:\/\/swissmemorial.ch\/fr\/?s={search_term_string}\"},\"query-input\":{\"@type\":\"PropertyValueSpecification\",\"valueRequired\":true,\"valueName\":\"search_term_string\"}}],\"inLanguage\":\"fr-FR\"}]}<\/script>\n<!-- \/ Yoast SEO plugin. -->","yoast_head_json":{"title":"COMM\u00c9MORER - Swiss Memorial","robots":{"index":"index","follow":"follow","max-snippet":"max-snippet:-1","max-image-preview":"max-image-preview:large","max-video-preview":"max-video-preview:-1"},"canonical":"https:\/\/swissmemorial.ch\/fr\/commemorer\/","og_locale":"fr_FR","og_type":"article","og_title":"COMM\u00c9MORER - Swiss Memorial","og_url":"https:\/\/swissmemorial.ch\/fr\/commemorer\/","og_site_name":"Swiss Memorial","article_modified_time":"2021-05-24T06:19:03+00:00","twitter_card":"summary_large_image","twitter_misc":{"Dur\u00e9e de lecture estim\u00e9e":"12 minutes"},"schema":{"@context":"https:\/\/schema.org","@graph":[{"@type":"WebPage","@id":"https:\/\/swissmemorial.ch\/fr\/commemorer\/","url":"https:\/\/swissmemorial.ch\/fr\/commemorer\/","name":"COMM\u00c9MORER - Swiss Memorial","isPartOf":{"@id":"https:\/\/swissmemorial.ch\/fr\/#website"},"datePublished":"2021-05-24T06:18:33+00:00","dateModified":"2021-05-24T06:19:03+00:00","breadcrumb":{"@id":"https:\/\/swissmemorial.ch\/fr\/commemorer\/#breadcrumb"},"inLanguage":"fr-FR","potentialAction":[{"@type":"ReadAction","target":["https:\/\/swissmemorial.ch\/fr\/commemorer\/"]}]},{"@type":"BreadcrumbList","@id":"https:\/\/swissmemorial.ch\/fr\/commemorer\/#breadcrumb","itemListElement":[{"@type":"ListItem","position":1,"name":"Home","item":"https:\/\/swissmemorial.ch\/fr\/"},{"@type":"ListItem","position":2,"name":"COMM\u00c9MORER"}]},{"@type":"WebSite","@id":"https:\/\/swissmemorial.ch\/fr\/#website","url":"https:\/\/swissmemorial.ch\/fr\/","name":"Swiss Memorial","description":"","potentialAction":[{"@type":"SearchAction","target":{"@type":"EntryPoint","urlTemplate":"https:\/\/swissmemorial.ch\/fr\/?s={search_term_string}"},"query-input":{"@type":"PropertyValueSpecification","valueRequired":true,"valueName":"search_term_string"}}],"inLanguage":"fr-FR"}]}},"_links":{"self":[{"href":"https:\/\/swissmemorial.ch\/fr\/wp-json\/wp\/v2\/pages\/388","targetHints":{"allow":["GET"]}}],"collection":[{"href":"https:\/\/swissmemorial.ch\/fr\/wp-json\/wp\/v2\/pages"}],"about":[{"href":"https:\/\/swissmemorial.ch\/fr\/wp-json\/wp\/v2\/types\/page"}],"author":[{"embeddable":true,"href":"https:\/\/swissmemorial.ch\/fr\/wp-json\/wp\/v2\/users\/2"}],"replies":[{"embeddable":true,"href":"https:\/\/swissmemorial.ch\/fr\/wp-json\/wp\/v2\/comments?post=388"}],"version-history":[{"count":2,"href":"https:\/\/swissmemorial.ch\/fr\/wp-json\/wp\/v2\/pages\/388\/revisions"}],"predecessor-version":[{"id":390,"href":"https:\/\/swissmemorial.ch\/fr\/wp-json\/wp\/v2\/pages\/388\/revisions\/390"}],"wp:attachment":[{"href":"https:\/\/swissmemorial.ch\/fr\/wp-json\/wp\/v2\/media?parent=388"}],"curies":[{"name":"wp","href":"https:\/\/api.w.org\/{rel}","templated":true}]}}