{"id":391,"date":"2021-05-24T06:20:36","date_gmt":"2021-05-24T06:20:36","guid":{"rendered":"https:\/\/swissmemorial.ch\/?page_id=391"},"modified":"2021-05-24T06:20:36","modified_gmt":"2021-05-24T06:20:36","slug":"transmettre","status":"publish","type":"page","link":"https:\/\/swissmemorial.ch\/fr\/transmettre\/","title":{"rendered":"TRANSMETTRE"},"content":{"rendered":"<p><div class=\"fusion-fullwidth fullwidth-box fusion-builder-row-1 fusion-flex-container fusion-parallax-none nonhundred-percent-fullwidth non-hundred-percent-height-scrolling\" style=\"--awb-background-position:center bottom;--awb-border-radius-top-left:0px;--awb-border-radius-top-right:0px;--awb-border-radius-bottom-right:0px;--awb-border-radius-bottom-left:0px;--awb-padding-top:250px;--awb-padding-bottom:250px;--awb-padding-top-small:120px;--awb-padding-bottom-small:120px;--awb-background-image:linear-gradient(180deg, rgba(0,0,0,0.4) 0%,rgba(0,0,0,0.4) 100%),url(https:\/\/swissmemorial.ch\/wp-content\/uploads\/2021\/05\/vermitteln-page-hero-bg.jpg);;--awb-background-size:cover;--awb-flex-wrap:wrap;\" ><div class=\"fusion-builder-row fusion-row fusion-flex-align-items-flex-start fusion-flex-content-wrap\" style=\"max-width:1331.2px;margin-left: calc(-4% \/ 2 );margin-right: calc(-4% \/ 2 );\"><div class=\"fusion-layout-column fusion_builder_column fusion-builder-column-0 fusion_builder_column_1_1 1_1 fusion-flex-column fusion-animated\" style=\"--awb-bg-size:cover;--awb-width-large:100%;--awb-margin-top-large:0px;--awb-spacing-right-large:1.92%;--awb-margin-bottom-large:20px;--awb-spacing-left-large:1.92%;--awb-width-medium:100%;--awb-order-medium:0;--awb-spacing-right-medium:1.92%;--awb-spacing-left-medium:1.92%;--awb-width-small:100%;--awb-order-small:0;--awb-spacing-right-small:1.92%;--awb-spacing-left-small:1.92%;\" data-animationType=\"fadeInUp\" data-animationDuration=\"1.0\" data-animationOffset=\"top-into-view\"><div class=\"fusion-column-wrapper fusion-column-has-shadow fusion-flex-justify-content-flex-start fusion-content-layout-column\"><div class=\"fusion-title title fusion-title-1 fusion-no-small-visibility fusion-sep-none fusion-title-center fusion-title-text fusion-title-size-one\" style=\"--awb-text-color:#ffffff;--awb-margin-top:30px;--awb-font-size:72px;\"><h1 class=\"fusion-title-heading title-heading-center\" style=\"margin:0;font-size:1em;\">TRANSMETTRE<\/h1><\/div><div class=\"fusion-title title fusion-title-2 fusion-no-medium-visibility fusion-no-large-visibility fusion-sep-none fusion-title-center fusion-title-text fusion-title-size-one\" style=\"--awb-text-color:#ffffff;--awb-margin-top:30px;--awb-font-size:26px;\"><h1 class=\"fusion-title-heading title-heading-center\" style=\"margin:0;font-size:1em;\">TRANSMETTRE<\/h1><\/div><\/div><\/div><\/div><\/div><div class=\"fusion-fullwidth fullwidth-box fusion-builder-row-2 fusion-flex-container nonhundred-percent-fullwidth non-hundred-percent-height-scrolling\" style=\"--awb-border-radius-top-left:0px;--awb-border-radius-top-right:0px;--awb-border-radius-bottom-right:0px;--awb-border-radius-bottom-left:0px;--awb-padding-top:80px;--awb-padding-bottom:80px;--awb-padding-bottom-small:40px;--awb-flex-wrap:wrap;\" ><div class=\"fusion-builder-row fusion-row fusion-flex-align-items-flex-start fusion-flex-content-wrap\" style=\"max-width:1331.2px;margin-left: calc(-4% \/ 2 );margin-right: calc(-4% \/ 2 );\"><div class=\"fusion-layout-column fusion_builder_column fusion-builder-column-1 fusion_builder_column_1_1 1_1 fusion-flex-column fusion-animated\" style=\"--awb-bg-size:cover;--awb-width-large:100%;--awb-margin-top-large:0px;--awb-spacing-right-large:1.92%;--awb-margin-bottom-large:20px;--awb-spacing-left-large:1.92%;--awb-width-medium:100%;--awb-order-medium:0;--awb-spacing-right-medium:1.92%;--awb-spacing-left-medium:1.92%;--awb-width-small:100%;--awb-order-small:0;--awb-spacing-right-small:1.92%;--awb-spacing-left-small:1.92%;\" data-animationType=\"fadeInUp\" data-animationDuration=\"1.0\" data-animationOffset=\"top-into-view\"><div class=\"fusion-column-wrapper fusion-column-has-shadow fusion-flex-justify-content-flex-start fusion-content-layout-column\"><div class=\"fusion-text fusion-text-1\" style=\"--awb-line-height:190%;\"><p>Le lieu de comm\u00e9moration est reli\u00e9 \u00e0 un lieu de transmission, car sans connaissances historiques, un monument ne parle pas. Le lieu de transmission devra par cons\u00e9quent informer sur la politique d\u2019exclusion et de pers\u00e9cution du r\u00e9gime nazi. Il devra \u00e9galement montrer les difficult\u00e9s auxquelles la Suisse faisait face \u00e0 l\u2019\u00e9poque: y seront abord\u00e9s la politique des r\u00e9fugi\u00e9s, la marge de man\u0153uvre et les dilemmes de la politique ainsi que la protection et l\u2019absence de protection des Suissesses et des Suisses pers\u00e9cut\u00e9s.<\/p>\n<p>Une exposition permanente assurera la fonction continue d\u2019\u00e9ducation et de transmission d\u2019informations du m\u00e9morial. Il sera par ailleurs d\u2019une importance fondamentale de tisser des liens avec l\u2019avenir et le pr\u00e9sent. Des expositions temporaires, entre autres, assureront cette fonction. Elles se pencheront sur des th\u00e9matiques plus largement li\u00e9es aux questions que le r\u00e9gime nazi posait \u00e0 la Suisse en tant qu\u2019\u00c9tat de droit d\u00e9mocratique. L\u2019\u00e9ventail des sujets abord\u00e9s ira du traitement des minorit\u00e9s aux droits de l\u2019homme en passant par la guerre, le g\u00e9nocide, la libert\u00e9 de la presse et la libert\u00e9 d\u2019opinion.<\/p>\n<p>Une s\u00e9rie de manifestations s\u2019adressera \u00e0 un public int\u00e9ress\u00e9 ainsi qu\u2019aux classes des \u00e9coles d\u00e9sireuses d\u2019aborder les th\u00e9matiques pass\u00e9es ou pr\u00e9sentes concern\u00e9es. Des ateliers, des tables rondes et des conf\u00e9rences adapt\u00e9s \u00e0 chaque public seront propos\u00e9s.<\/p>\n<\/div><\/div><\/div><div class=\"fusion-layout-column fusion_builder_column fusion-builder-column-2 fusion_builder_column_1_1 1_1 fusion-flex-column fusion-animated\" style=\"--awb-bg-size:cover;--awb-width-large:100%;--awb-margin-top-large:0px;--awb-spacing-right-large:1.92%;--awb-margin-bottom-large:40px;--awb-spacing-left-large:1.92%;--awb-width-medium:100%;--awb-order-medium:0;--awb-spacing-right-medium:1.92%;--awb-spacing-left-medium:1.92%;--awb-width-small:100%;--awb-order-small:0;--awb-spacing-right-small:1.92%;--awb-spacing-left-small:1.92%;\" data-animationType=\"fadeInUp\" data-animationDuration=\"1.0\" data-animationOffset=\"top-into-view\"><div class=\"fusion-column-wrapper fusion-column-has-shadow fusion-flex-justify-content-flex-start fusion-content-layout-column\"><div ><a class=\"fusion-button button-flat button-xlarge button-custom fusion-button-default button-1 fusion-button-default-span fusion-button-default-type\" style=\"--button_accent_color:#ffffff;--button_accent_hover_color:#94a4a8;--button_border_hover_color:#94a4a8;--button_gradient_top_color:#94a4a8;--button_gradient_bottom_color:#94a4a8;--button_gradient_top_color_hover:#ffffff;--button_gradient_bottom_color_hover:#ffffff;--button_text_transform:uppercase;\" target=\"_blank\" rel=\"noopener noreferrer\" href=\"https:\/\/swissmemorial.ch\/wp-content\/uploads\/2021\/05\/2021-05-25_OnePager_Vermitteln.pdf\"><i class=\"fa-cloud-download-alt fas awb-button__icon awb-button__icon--default button-icon-left\" aria-hidden=\"true\"><\/i><span class=\"fusion-button-text awb-button__text awb-button__text--default\">INFO PDF <\/span><\/a><\/div><\/div><\/div><\/div><\/div><\/p>\n","protected":false},"excerpt":{"rendered":"","protected":false},"author":2,"featured_media":0,"parent":0,"menu_order":0,"comment_status":"closed","ping_status":"closed","template":"100-width.php","meta":{"footnotes":""},"class_list":["post-391","page","type-page","status-publish","hentry"],"yoast_head":"<!-- This site is optimized with the Yoast SEO plugin v25.5 - https:\/\/yoast.com\/wordpress\/plugins\/seo\/ -->\n<title>TRANSMETTRE - Swiss Memorial<\/title>\n<meta name=\"robots\" content=\"index, follow, max-snippet:-1, max-image-preview:large, max-video-preview:-1\" \/>\n<link rel=\"canonical\" href=\"https:\/\/swissmemorial.ch\/fr\/transmettre\/\" \/>\n<meta property=\"og:locale\" content=\"fr_FR\" \/>\n<meta property=\"og:type\" content=\"article\" \/>\n<meta property=\"og:title\" content=\"TRANSMETTRE - Swiss Memorial\" \/>\n<meta property=\"og:url\" content=\"https:\/\/swissmemorial.ch\/fr\/transmettre\/\" \/>\n<meta property=\"og:site_name\" content=\"Swiss Memorial\" \/>\n<meta name=\"twitter:card\" content=\"summary_large_image\" \/>\n<meta name=\"twitter:label1\" content=\"Dur\u00e9e de lecture estim\u00e9e\" \/>\n\t<meta name=\"twitter:data1\" content=\"4 minutes\" \/>\n<script type=\"application\/ld+json\" class=\"yoast-schema-graph\">{\"@context\":\"https:\/\/schema.org\",\"@graph\":[{\"@type\":\"WebPage\",\"@id\":\"https:\/\/swissmemorial.ch\/fr\/transmettre\/\",\"url\":\"https:\/\/swissmemorial.ch\/fr\/transmettre\/\",\"name\":\"TRANSMETTRE - Swiss Memorial\",\"isPartOf\":{\"@id\":\"https:\/\/swissmemorial.ch\/fr\/#website\"},\"datePublished\":\"2021-05-24T06:20:36+00:00\",\"breadcrumb\":{\"@id\":\"https:\/\/swissmemorial.ch\/fr\/transmettre\/#breadcrumb\"},\"inLanguage\":\"fr-FR\",\"potentialAction\":[{\"@type\":\"ReadAction\",\"target\":[\"https:\/\/swissmemorial.ch\/fr\/transmettre\/\"]}]},{\"@type\":\"BreadcrumbList\",\"@id\":\"https:\/\/swissmemorial.ch\/fr\/transmettre\/#breadcrumb\",\"itemListElement\":[{\"@type\":\"ListItem\",\"position\":1,\"name\":\"Home\",\"item\":\"https:\/\/swissmemorial.ch\/fr\/\"},{\"@type\":\"ListItem\",\"position\":2,\"name\":\"TRANSMETTRE\"}]},{\"@type\":\"WebSite\",\"@id\":\"https:\/\/swissmemorial.ch\/fr\/#website\",\"url\":\"https:\/\/swissmemorial.ch\/fr\/\",\"name\":\"Swiss Memorial\",\"description\":\"\",\"potentialAction\":[{\"@type\":\"SearchAction\",\"target\":{\"@type\":\"EntryPoint\",\"urlTemplate\":\"https:\/\/swissmemorial.ch\/fr\/?s={search_term_string}\"},\"query-input\":{\"@type\":\"PropertyValueSpecification\",\"valueRequired\":true,\"valueName\":\"search_term_string\"}}],\"inLanguage\":\"fr-FR\"}]}<\/script>\n<!-- \/ Yoast SEO plugin. -->","yoast_head_json":{"title":"TRANSMETTRE - Swiss Memorial","robots":{"index":"index","follow":"follow","max-snippet":"max-snippet:-1","max-image-preview":"max-image-preview:large","max-video-preview":"max-video-preview:-1"},"canonical":"https:\/\/swissmemorial.ch\/fr\/transmettre\/","og_locale":"fr_FR","og_type":"article","og_title":"TRANSMETTRE - Swiss Memorial","og_url":"https:\/\/swissmemorial.ch\/fr\/transmettre\/","og_site_name":"Swiss Memorial","twitter_card":"summary_large_image","twitter_misc":{"Dur\u00e9e de lecture estim\u00e9e":"4 minutes"},"schema":{"@context":"https:\/\/schema.org","@graph":[{"@type":"WebPage","@id":"https:\/\/swissmemorial.ch\/fr\/transmettre\/","url":"https:\/\/swissmemorial.ch\/fr\/transmettre\/","name":"TRANSMETTRE - Swiss Memorial","isPartOf":{"@id":"https:\/\/swissmemorial.ch\/fr\/#website"},"datePublished":"2021-05-24T06:20:36+00:00","breadcrumb":{"@id":"https:\/\/swissmemorial.ch\/fr\/transmettre\/#breadcrumb"},"inLanguage":"fr-FR","potentialAction":[{"@type":"ReadAction","target":["https:\/\/swissmemorial.ch\/fr\/transmettre\/"]}]},{"@type":"BreadcrumbList","@id":"https:\/\/swissmemorial.ch\/fr\/transmettre\/#breadcrumb","itemListElement":[{"@type":"ListItem","position":1,"name":"Home","item":"https:\/\/swissmemorial.ch\/fr\/"},{"@type":"ListItem","position":2,"name":"TRANSMETTRE"}]},{"@type":"WebSite","@id":"https:\/\/swissmemorial.ch\/fr\/#website","url":"https:\/\/swissmemorial.ch\/fr\/","name":"Swiss Memorial","description":"","potentialAction":[{"@type":"SearchAction","target":{"@type":"EntryPoint","urlTemplate":"https:\/\/swissmemorial.ch\/fr\/?s={search_term_string}"},"query-input":{"@type":"PropertyValueSpecification","valueRequired":true,"valueName":"search_term_string"}}],"inLanguage":"fr-FR"}]}},"_links":{"self":[{"href":"https:\/\/swissmemorial.ch\/fr\/wp-json\/wp\/v2\/pages\/391","targetHints":{"allow":["GET"]}}],"collection":[{"href":"https:\/\/swissmemorial.ch\/fr\/wp-json\/wp\/v2\/pages"}],"about":[{"href":"https:\/\/swissmemorial.ch\/fr\/wp-json\/wp\/v2\/types\/page"}],"author":[{"embeddable":true,"href":"https:\/\/swissmemorial.ch\/fr\/wp-json\/wp\/v2\/users\/2"}],"replies":[{"embeddable":true,"href":"https:\/\/swissmemorial.ch\/fr\/wp-json\/wp\/v2\/comments?post=391"}],"version-history":[{"count":2,"href":"https:\/\/swissmemorial.ch\/fr\/wp-json\/wp\/v2\/pages\/391\/revisions"}],"predecessor-version":[{"id":393,"href":"https:\/\/swissmemorial.ch\/fr\/wp-json\/wp\/v2\/pages\/391\/revisions\/393"}],"wp:attachment":[{"href":"https:\/\/swissmemorial.ch\/fr\/wp-json\/wp\/v2\/media?parent=391"}],"curies":[{"name":"wp","href":"https:\/\/api.w.org\/{rel}","templated":true}]}}