{"id":394,"date":"2021-05-24T06:22:31","date_gmt":"2021-05-24T06:22:31","guid":{"rendered":"https:\/\/swissmemorial.ch\/?page_id=394"},"modified":"2021-05-24T06:46:10","modified_gmt":"2021-05-24T06:46:10","slug":"connecter","status":"publish","type":"page","link":"https:\/\/swissmemorial.ch\/fr\/connecter\/","title":{"rendered":"CONNECTER"},"content":{"rendered":"<p><div class=\"fusion-fullwidth fullwidth-box fusion-builder-row-1 fusion-flex-container fusion-parallax-none nonhundred-percent-fullwidth non-hundred-percent-height-scrolling\" style=\"--awb-border-radius-top-left:0px;--awb-border-radius-top-right:0px;--awb-border-radius-bottom-right:0px;--awb-border-radius-bottom-left:0px;--awb-padding-top:250px;--awb-padding-bottom:250px;--awb-padding-top-small:120px;--awb-padding-bottom-small:120px;--awb-background-image:linear-gradient(180deg, rgba(0,0,0,0.4) 0%,rgba(0,0,0,0.4) 100%),url(https:\/\/swissmemorial.ch\/wp-content\/uploads\/2021\/05\/vernetzen-page-hero-bg.jpg);;--awb-background-size:cover;--awb-flex-wrap:wrap;\" ><div class=\"fusion-builder-row fusion-row fusion-flex-align-items-flex-start fusion-flex-content-wrap\" style=\"max-width:1331.2px;margin-left: calc(-4% \/ 2 );margin-right: calc(-4% \/ 2 );\"><div class=\"fusion-layout-column fusion_builder_column fusion-builder-column-0 fusion_builder_column_1_1 1_1 fusion-flex-column fusion-animated\" style=\"--awb-bg-size:cover;--awb-width-large:100%;--awb-margin-top-large:0px;--awb-spacing-right-large:1.92%;--awb-margin-bottom-large:20px;--awb-spacing-left-large:1.92%;--awb-width-medium:100%;--awb-order-medium:0;--awb-spacing-right-medium:1.92%;--awb-spacing-left-medium:1.92%;--awb-width-small:100%;--awb-order-small:0;--awb-spacing-right-small:1.92%;--awb-spacing-left-small:1.92%;\" data-animationType=\"fadeInUp\" data-animationDuration=\"1.0\" data-animationOffset=\"top-into-view\"><div class=\"fusion-column-wrapper fusion-column-has-shadow fusion-flex-justify-content-flex-start fusion-content-layout-column\"><div class=\"fusion-title title fusion-title-1 fusion-no-small-visibility fusion-sep-none fusion-title-center fusion-title-text fusion-title-size-one\" style=\"--awb-text-color:#ffffff;--awb-margin-top:30px;--awb-font-size:72px;\"><h1 class=\"fusion-title-heading title-heading-center\" style=\"margin:0;font-size:1em;\">CONNECTER<\/h1><\/div><div class=\"fusion-title title fusion-title-2 fusion-no-medium-visibility fusion-no-large-visibility fusion-sep-none fusion-title-center fusion-title-text fusion-title-size-one\" style=\"--awb-text-color:#ffffff;--awb-margin-top:30px;--awb-font-size:26px;\"><h1 class=\"fusion-title-heading title-heading-center\" style=\"margin:0;font-size:1em;\">CONNECTER<\/h1><\/div><\/div><\/div><\/div><\/div><div class=\"fusion-fullwidth fullwidth-box fusion-builder-row-2 fusion-flex-container nonhundred-percent-fullwidth non-hundred-percent-height-scrolling\" style=\"--awb-border-radius-top-left:0px;--awb-border-radius-top-right:0px;--awb-border-radius-bottom-right:0px;--awb-border-radius-bottom-left:0px;--awb-padding-top:80px;--awb-padding-bottom:80px;--awb-padding-bottom-small:40px;--awb-flex-wrap:wrap;\" ><div class=\"fusion-builder-row fusion-row fusion-flex-align-items-flex-start fusion-flex-content-wrap\" style=\"max-width:1331.2px;margin-left: calc(-4% \/ 2 );margin-right: calc(-4% \/ 2 );\"><div class=\"fusion-layout-column fusion_builder_column fusion-builder-column-1 fusion_builder_column_1_1 1_1 fusion-flex-column fusion-animated\" style=\"--awb-bg-size:cover;--awb-width-large:100%;--awb-margin-top-large:0px;--awb-spacing-right-large:1.92%;--awb-margin-bottom-large:20px;--awb-spacing-left-large:1.92%;--awb-width-medium:100%;--awb-order-medium:0;--awb-spacing-right-medium:1.92%;--awb-spacing-left-medium:1.92%;--awb-width-small:100%;--awb-order-small:0;--awb-spacing-right-small:1.92%;--awb-spacing-left-small:1.92%;\" data-animationType=\"fadeInUp\" data-animationDuration=\"1.0\" data-animationOffset=\"top-into-view\"><div class=\"fusion-column-wrapper fusion-column-has-shadow fusion-flex-justify-content-flex-start fusion-content-layout-column\"><div class=\"fusion-text fusion-text-1\" style=\"--awb-line-height:190%;\"><p>Pour compl\u00e9ter ce qui sera propos\u00e9 sur place, des offres d\u2019information et de formation multim\u00e9dias seront \u00e9galement mises sur pied. Un site web con\u00e7u \u00e0 cet effet, et qui sera compl\u00e9t\u00e9 en permanence, offrira de mani\u00e8re d\u00e9taill\u00e9e et claire des r\u00e9ponses \u00e0 toutes les questions li\u00e9es aux th\u00e9matiques.<\/p>\n<p>Cet espace virtuel sera divis\u00e9 en plusieurs modules. D\u2019une part, le site web proposera des informations sur diff\u00e9rents accents th\u00e9matiques li\u00e9s \u00e0 la Suisse et au national-socialisme. Il comprendra \u00e9galement des informations sur le m\u00e9morial lui-m\u00eame. Un autre module s\u2019int\u00e9ressera \u00e0 la politique suisse en mati\u00e8re de r\u00e9fugi\u00e9s pendant la Deuxi\u00e8me Guerre mondiale et invitera \u00e0 poursuivre la r\u00e9flexion sur la politique de l\u2019\u00e9poque \u00e0 l\u2019aide de questions politiques actuelles.<\/p>\n<p>Le site web abritera aussi une base de donn\u00e9es contenant des informations sur les victimes suisses du national-socialisme. Ce recueil de donn\u00e9es, fond\u00e9 sur les tout derniers travaux de recherche de Spoerri\/Staubli\/Tuchschmid, sera compl\u00e9t\u00e9 en permanence. En fournissant des renseignements fiables et personnels, ce centre de documentation scientifique servira de point de d\u00e9part \u00e0 d\u2019autres recherches sur les victimes du national-socialisme en lien avec la Suisse.<\/p>\n<p>Le lieu de connexion comprendra en outre une carte interactive de la Suisse, qui mettra en \u00e9vidence tous les lieux de comm\u00e9moration qui existent d\u00e9j\u00e0 et toutes les offres de formation sur le th\u00e8me de mani\u00e8re \u00e0 faciliter leur localisation et \u00e0 am\u00e9liorer leur visibilit\u00e9. Des informations compl\u00e9mentaires pourront \u00eatre consult\u00e9es sur les lieux indiqu\u00e9s au moyen de codes QR.<\/p>\n<\/div><\/div><\/div><div class=\"fusion-layout-column fusion_builder_column fusion-builder-column-2 fusion_builder_column_1_1 1_1 fusion-flex-column fusion-animated\" style=\"--awb-bg-size:cover;--awb-width-large:100%;--awb-margin-top-large:0px;--awb-spacing-right-large:1.92%;--awb-margin-bottom-large:40px;--awb-spacing-left-large:1.92%;--awb-width-medium:100%;--awb-order-medium:0;--awb-spacing-right-medium:1.92%;--awb-spacing-left-medium:1.92%;--awb-width-small:100%;--awb-order-small:0;--awb-spacing-right-small:1.92%;--awb-spacing-left-small:1.92%;\" data-animationType=\"fadeInUp\" data-animationDuration=\"1.0\" data-animationOffset=\"top-into-view\"><div class=\"fusion-column-wrapper fusion-column-has-shadow fusion-flex-justify-content-flex-start fusion-content-layout-column\"><div ><a class=\"fusion-button button-flat button-xlarge button-custom fusion-button-default button-1 fusion-button-default-span fusion-button-default-type\" style=\"--button_accent_color:#ffffff;--button_accent_hover_color:#94a4a8;--button_border_hover_color:#94a4a8;--button_gradient_top_color:#94a4a8;--button_gradient_bottom_color:#94a4a8;--button_gradient_top_color_hover:#ffffff;--button_gradient_bottom_color_hover:#ffffff;--button_text_transform:uppercase;\" target=\"_blank\" rel=\"noopener noreferrer\" href=\"https:\/\/swissmemorial.ch\/wp-content\/uploads\/2021\/05\/2021-05-25_OnePager_Vernetzen.pdf\"><i class=\"fa-cloud-download-alt fas awb-button__icon awb-button__icon--default button-icon-left\" aria-hidden=\"true\"><\/i><span class=\"fusion-button-text awb-button__text awb-button__text--default\">INFO PDF <\/span><\/a><\/div><\/div><\/div><\/div><\/div><\/p>\n","protected":false},"excerpt":{"rendered":"","protected":false},"author":2,"featured_media":0,"parent":0,"menu_order":0,"comment_status":"closed","ping_status":"closed","template":"100-width.php","meta":{"footnotes":""},"class_list":["post-394","page","type-page","status-publish","hentry"],"yoast_head":"<!-- This site is optimized with the Yoast SEO plugin v25.5 - https:\/\/yoast.com\/wordpress\/plugins\/seo\/ -->\n<title>CONNECTER - Swiss Memorial<\/title>\n<meta name=\"robots\" content=\"index, follow, max-snippet:-1, max-image-preview:large, max-video-preview:-1\" \/>\n<link rel=\"canonical\" href=\"https:\/\/swissmemorial.ch\/fr\/connecter\/\" \/>\n<meta property=\"og:locale\" content=\"fr_FR\" \/>\n<meta property=\"og:type\" content=\"article\" \/>\n<meta property=\"og:title\" content=\"CONNECTER - Swiss Memorial\" \/>\n<meta property=\"og:url\" content=\"https:\/\/swissmemorial.ch\/fr\/connecter\/\" \/>\n<meta property=\"og:site_name\" content=\"Swiss Memorial\" \/>\n<meta property=\"article:modified_time\" content=\"2021-05-24T06:46:10+00:00\" \/>\n<meta name=\"twitter:card\" content=\"summary_large_image\" \/>\n<meta name=\"twitter:label1\" content=\"Dur\u00e9e de lecture estim\u00e9e\" \/>\n\t<meta name=\"twitter:data1\" content=\"11 minutes\" \/>\n<script type=\"application\/ld+json\" class=\"yoast-schema-graph\">{\"@context\":\"https:\/\/schema.org\",\"@graph\":[{\"@type\":\"WebPage\",\"@id\":\"https:\/\/swissmemorial.ch\/fr\/connecter\/\",\"url\":\"https:\/\/swissmemorial.ch\/fr\/connecter\/\",\"name\":\"CONNECTER - Swiss Memorial\",\"isPartOf\":{\"@id\":\"https:\/\/swissmemorial.ch\/fr\/#website\"},\"datePublished\":\"2021-05-24T06:22:31+00:00\",\"dateModified\":\"2021-05-24T06:46:10+00:00\",\"breadcrumb\":{\"@id\":\"https:\/\/swissmemorial.ch\/fr\/connecter\/#breadcrumb\"},\"inLanguage\":\"fr-FR\",\"potentialAction\":[{\"@type\":\"ReadAction\",\"target\":[\"https:\/\/swissmemorial.ch\/fr\/connecter\/\"]}]},{\"@type\":\"BreadcrumbList\",\"@id\":\"https:\/\/swissmemorial.ch\/fr\/connecter\/#breadcrumb\",\"itemListElement\":[{\"@type\":\"ListItem\",\"position\":1,\"name\":\"Home\",\"item\":\"https:\/\/swissmemorial.ch\/fr\/\"},{\"@type\":\"ListItem\",\"position\":2,\"name\":\"CONNECTER\"}]},{\"@type\":\"WebSite\",\"@id\":\"https:\/\/swissmemorial.ch\/fr\/#website\",\"url\":\"https:\/\/swissmemorial.ch\/fr\/\",\"name\":\"Swiss Memorial\",\"description\":\"\",\"potentialAction\":[{\"@type\":\"SearchAction\",\"target\":{\"@type\":\"EntryPoint\",\"urlTemplate\":\"https:\/\/swissmemorial.ch\/fr\/?s={search_term_string}\"},\"query-input\":{\"@type\":\"PropertyValueSpecification\",\"valueRequired\":true,\"valueName\":\"search_term_string\"}}],\"inLanguage\":\"fr-FR\"}]}<\/script>\n<!-- \/ Yoast SEO plugin. -->","yoast_head_json":{"title":"CONNECTER - Swiss Memorial","robots":{"index":"index","follow":"follow","max-snippet":"max-snippet:-1","max-image-preview":"max-image-preview:large","max-video-preview":"max-video-preview:-1"},"canonical":"https:\/\/swissmemorial.ch\/fr\/connecter\/","og_locale":"fr_FR","og_type":"article","og_title":"CONNECTER - Swiss Memorial","og_url":"https:\/\/swissmemorial.ch\/fr\/connecter\/","og_site_name":"Swiss Memorial","article_modified_time":"2021-05-24T06:46:10+00:00","twitter_card":"summary_large_image","twitter_misc":{"Dur\u00e9e de lecture estim\u00e9e":"11 minutes"},"schema":{"@context":"https:\/\/schema.org","@graph":[{"@type":"WebPage","@id":"https:\/\/swissmemorial.ch\/fr\/connecter\/","url":"https:\/\/swissmemorial.ch\/fr\/connecter\/","name":"CONNECTER - Swiss Memorial","isPartOf":{"@id":"https:\/\/swissmemorial.ch\/fr\/#website"},"datePublished":"2021-05-24T06:22:31+00:00","dateModified":"2021-05-24T06:46:10+00:00","breadcrumb":{"@id":"https:\/\/swissmemorial.ch\/fr\/connecter\/#breadcrumb"},"inLanguage":"fr-FR","potentialAction":[{"@type":"ReadAction","target":["https:\/\/swissmemorial.ch\/fr\/connecter\/"]}]},{"@type":"BreadcrumbList","@id":"https:\/\/swissmemorial.ch\/fr\/connecter\/#breadcrumb","itemListElement":[{"@type":"ListItem","position":1,"name":"Home","item":"https:\/\/swissmemorial.ch\/fr\/"},{"@type":"ListItem","position":2,"name":"CONNECTER"}]},{"@type":"WebSite","@id":"https:\/\/swissmemorial.ch\/fr\/#website","url":"https:\/\/swissmemorial.ch\/fr\/","name":"Swiss Memorial","description":"","potentialAction":[{"@type":"SearchAction","target":{"@type":"EntryPoint","urlTemplate":"https:\/\/swissmemorial.ch\/fr\/?s={search_term_string}"},"query-input":{"@type":"PropertyValueSpecification","valueRequired":true,"valueName":"search_term_string"}}],"inLanguage":"fr-FR"}]}},"_links":{"self":[{"href":"https:\/\/swissmemorial.ch\/fr\/wp-json\/wp\/v2\/pages\/394","targetHints":{"allow":["GET"]}}],"collection":[{"href":"https:\/\/swissmemorial.ch\/fr\/wp-json\/wp\/v2\/pages"}],"about":[{"href":"https:\/\/swissmemorial.ch\/fr\/wp-json\/wp\/v2\/types\/page"}],"author":[{"embeddable":true,"href":"https:\/\/swissmemorial.ch\/fr\/wp-json\/wp\/v2\/users\/2"}],"replies":[{"embeddable":true,"href":"https:\/\/swissmemorial.ch\/fr\/wp-json\/wp\/v2\/comments?post=394"}],"version-history":[{"count":3,"href":"https:\/\/swissmemorial.ch\/fr\/wp-json\/wp\/v2\/pages\/394\/revisions"}],"predecessor-version":[{"id":434,"href":"https:\/\/swissmemorial.ch\/fr\/wp-json\/wp\/v2\/pages\/394\/revisions\/434"}],"wp:attachment":[{"href":"https:\/\/swissmemorial.ch\/fr\/wp-json\/wp\/v2\/media?parent=394"}],"curies":[{"name":"wp","href":"https:\/\/api.w.org\/{rel}","templated":true}]}}