{"id":3590,"date":"2025-12-18T08:10:15","date_gmt":"2025-12-18T07:10:15","guid":{"rendered":"https:\/\/swissmemorial.ch\/comunicare\/"},"modified":"2026-05-12T06:09:31","modified_gmt":"2026-05-12T04:09:31","slug":"comunicare","status":"publish","type":"page","link":"https:\/\/swissmemorial.ch\/it\/comunicare\/","title":{"rendered":"Divulgare"},"content":{"rendered":"<p><div class=\"fusion-fullwidth fullwidth-box fusion-builder-row-1 fusion-flex-container has-pattern-background has-mask-background fusion-parallax-none hundred-percent-fullwidth non-hundred-percent-height-scrolling lazyload hero\" style=\"--awb-border-radius-top-left:0px;--awb-border-radius-top-right:0px;--awb-border-radius-bottom-right:0px;--awb-border-radius-bottom-left:0px;--awb-padding-top:20vh;--awb-padding-bottom:100px;--awb-padding-bottom-small:60px;--awb-min-height:450px;--awb-min-height-small:300px;--awb-background-image:linear-gradient(180deg, rgba(0,0,0,0.35) 0%,rgba(0,0,0,0.35) 100%);;--awb-background-size:cover;--awb-flex-wrap:wrap;\" data-bg=\"https:\/\/swissmemorial.ch\/wp-content\/uploads\/2026\/04\/Zollamt_Diepoldsau_CRwalser.webp\" data-bg-gradient=\"linear-gradient(180deg, rgba(0,0,0,0.35) 0%,rgba(0,0,0,0.35) 100%)\" ><div class=\"fusion-builder-row fusion-row fusion-flex-align-items-flex-start fusion-flex-align-content-center fusion-flex-justify-content-center fusion-flex-content-wrap\" style=\"width:104% !important;max-width:104% !important;margin-left: calc(-4% \/ 2 );margin-right: calc(-4% \/ 2 );\"><div class=\"fusion-layout-column fusion_builder_column fusion-builder-column-0 fusion_builder_column_1_1 1_1 fusion-flex-column\" style=\"--awb-bg-size:cover;--awb-width-large:100%;--awb-margin-top-large:0px;--awb-spacing-right-large:1.92%;--awb-margin-bottom-large:20px;--awb-spacing-left-large:1.92%;--awb-width-medium:100%;--awb-order-medium:0;--awb-spacing-right-medium:1.92%;--awb-spacing-left-medium:1.92%;--awb-width-small:100%;--awb-order-small:0;--awb-spacing-right-small:1.92%;--awb-spacing-left-small:1.92%;\" data-scroll-devices=\"small-visibility,medium-visibility,large-visibility\"><div class=\"fusion-column-wrapper fusion-column-has-shadow fusion-flex-justify-content-flex-start fusion-content-layout-column\"><div class=\"fusion-title title fusion-title-1 fusion-sep-none fusion-title-center fusion-title-text fusion-title-size-one\" style=\"--awb-text-color:var(--awb-color1);\"><h1 class=\"fusion-title-heading title-heading-center fusion-responsive-typography-calculated\" style=\"margin:0;--fontSize:16;line-height:var(--awb-typography1-line-height);\">Centro di divulgazione Fuga Diepoldsau<\/h1><\/div><\/div><\/div><\/div><\/div><div class=\"fusion-fullwidth fullwidth-box fusion-builder-row-2 fusion-flex-container has-pattern-background has-mask-background nonhundred-percent-fullwidth non-hundred-percent-height-scrolling\" style=\"--awb-border-radius-top-left:0px;--awb-border-radius-top-right:0px;--awb-border-radius-bottom-right:0px;--awb-border-radius-bottom-left:0px;--awb-padding-top:100px;--awb-padding-top-small:60px;--awb-margin-bottom-small:-50px;--awb-flex-wrap:wrap;\" ><div class=\"fusion-builder-row fusion-row fusion-flex-align-items-flex-start fusion-flex-justify-content-center fusion-flex-content-wrap\" style=\"max-width:95.68%;margin-left: calc(-4% \/ 2 );margin-right: calc(-4% \/ 2 );\"><div class=\"fusion-layout-column fusion_builder_column fusion-builder-column-1 fusion_builder_column_2_3 2_3 fusion-flex-column\" style=\"--awb-bg-size:cover;--awb-width-large:66.666666666667%;--awb-margin-top-large:0px;--awb-spacing-right-large:2.88%;--awb-margin-bottom-large:20px;--awb-spacing-left-large:2.88%;--awb-width-medium:100%;--awb-order-medium:0;--awb-spacing-right-medium:1.92%;--awb-spacing-left-medium:1.92%;--awb-width-small:100%;--awb-order-small:0;--awb-spacing-right-small:1.92%;--awb-spacing-left-small:1.92%;\"><div class=\"fusion-column-wrapper fusion-column-has-shadow fusion-flex-justify-content-flex-start fusion-content-layout-column\"><div class=\"fusion-text fusion-text-1\"><blockquote>\n<p>Subito dopo la presa del potere nel 1933, i nazionalsocialisti in Germania iniziarono a perseguitare i loro oppositori politici e gli ebrei. Durante la Seconda Guerra Mondiale (1939-1945), radicalizzarono le loro misure persecutorie trasformandole in una politica di sterminio di cui furono vittime milioni di persone. Decine di migliaia di profughi cercarono allora protezione in Svizzera dalla persecuzione o dalla guerra. Il Centro di divulgazione transnazionale sulla Fuga mostra la politica che la Svizzera adott\u00f2 nei confronti dei rifugiati e cosa accadde ai confini nazionali tra il 1933 e il 1945. Nasce nella regione di confine tra Diepoldsau (CH) e Hohenems (A) e pone al centro gli eventi accaduti sia al di qua che al di l\u00e0 del confine con i paesi vicini Germania, Austria, Liechtenstein, Francia e Italia.    <\/p>\n<\/blockquote>\n<\/div><div class=\"fusion-title title fusion-title-2 fusion-sep-none fusion-title-text fusion-title-size-two\" style=\"--awb-margin-top:20px;\"><h2 class=\"fusion-title-heading title-heading-left fusion-responsive-typography-calculated\" style=\"margin:0;--fontSize:30;line-height:var(--awb-typography1-line-height);\">L&#8217;attraversamento del confine: una decisione tra vita e morte<\/h2><\/div><div class=\"fusion-text fusion-text-2\"><p>Nel 1938, con l&#8217;\u00abAnschluss\u00bb dell&#8217;Austria al Reich tedesco e la Notte dei cristalli, i nazionalsocialisti iniziarono l&#8217;espulsione forzata della popolazione ebraica dal Reich tedesco. Nel 1939, il regime sfrutt\u00f2 l&#8217;inizio della guerra per uccidere sistematicamente persone con disabilit\u00e0. Dal 1941, l&#8217;obiettivo era assassinare tutti gli ebrei nell&#8217;area di dominio nazionalsocialista. Questa incondizionata volont\u00e0 di sterminio colp\u00ec anche altre persone definite inferiori o pericolose. L&#8217;attraversamento del confine verso la Svizzera salvatrice era per i perseguitati una decisione tra vita e morte.    <\/p>\n<p>Le regole per l&#8217;accoglienza o il respingimento dei perseguitati furono stabilite nel centro politico della Svizzera, nella capitale Berna. Le autorit\u00e0 decisero, dopo l&#8217;\u00abAnschluss\u00bb del 1938, quando in estate si verific\u00f2 la prima fuga di massa e un assalto al confine svizzero, di chiudere il confine. Punirono coloro che aiutavano i perseguitati e richiesero misure antisemite come l&#8217;apposizione di una \u00abJ\u00bb sui passaporti degli ebrei tedeschi. Nel 1942, quando gli ebrei perseguitati cercarono di salvarsi in Svizzera dalla deportazione nei campi di sterminio, la chiusura del confine fu confermata.   <\/p>\n<p>A dover attuare questa politica, che rimase sostanzialmente in vigore fino al 1944, furono le guardie di confine, gli agenti di polizia e i soldati alla frontiera nazionale, dove si svolgevano scene drammatiche, a volte sotto gli occhi della popolazione civile. Come e dove riuscirono i perseguitati a entrare in Svizzera nonostante la chiusura del confine? Come si comportarono le autorit\u00e0 e la societ\u00e0 svizzera nei loro confronti? Cosa accadde a coloro che furono respinti? Chi li aiut\u00f2, chi li trad\u00ec \u2013 e perch\u00e9?    <\/p>\n<p><img decoding=\"async\" class=\"lazyload alignnone wp-image-3349 size-full\" src=\"https:\/\/swissmemorial.ch\/wp-content\/uploads\/2026\/04\/Karte_Flucht_JMH-e1776677014780.webp\" data-orig-src=\"https:\/\/swissmemorial.ch\/wp-content\/uploads\/2026\/04\/Karte_Flucht_JMH-e1776677014780.webp\" alt=\"\" width=\"1206\" height=\"1034\" srcset=\"data:image\/svg+xml,%3Csvg%20xmlns%3D%27http%3A%2F%2Fwww.w3.org%2F2000%2Fsvg%27%20width%3D%271206%27%20height%3D%271034%27%20viewBox%3D%270%200%201206%201034%27%3E%3Crect%20width%3D%271206%27%20height%3D%271034%27%20fill-opacity%3D%220%22%2F%3E%3C%2Fsvg%3E\" data-srcset=\"https:\/\/swissmemorial.ch\/wp-content\/uploads\/2026\/04\/Karte_Flucht_JMH-e1776677014780-200x171.webp 200w, https:\/\/swissmemorial.ch\/wp-content\/uploads\/2026\/04\/Karte_Flucht_JMH-e1776677014780-300x257.webp 300w, https:\/\/swissmemorial.ch\/wp-content\/uploads\/2026\/04\/Karte_Flucht_JMH-e1776677014780-400x343.webp 400w, https:\/\/swissmemorial.ch\/wp-content\/uploads\/2026\/04\/Karte_Flucht_JMH-e1776677014780-600x514.webp 600w, https:\/\/swissmemorial.ch\/wp-content\/uploads\/2026\/04\/Karte_Flucht_JMH-e1776677014780-768x658.webp 768w, https:\/\/swissmemorial.ch\/wp-content\/uploads\/2026\/04\/Karte_Flucht_JMH-e1776677014780-800x686.webp 800w, https:\/\/swissmemorial.ch\/wp-content\/uploads\/2026\/04\/Karte_Flucht_JMH-e1776677014780-1024x878.webp 1024w, https:\/\/swissmemorial.ch\/wp-content\/uploads\/2026\/04\/Karte_Flucht_JMH-e1776677014780-1200x1029.webp 1200w, https:\/\/swissmemorial.ch\/wp-content\/uploads\/2026\/04\/Karte_Flucht_JMH-e1776677014780.webp 1206w\" data-sizes=\"auto\" data-orig-sizes=\"(max-width: 1206px) 100vw, 1206px\" \/><\/p>\n<\/div><div class=\"fusion-title title fusion-title-3 fusion-sep-none fusion-title-text fusion-title-size-two\" style=\"--awb-margin-top:20px;\"><h2 class=\"fusion-title-heading title-heading-left fusion-responsive-typography-calculated\" style=\"margin:0;--fontSize:30;line-height:var(--awb-typography1-line-height);\">Il progetto<\/h2><\/div><div class=\"fusion-text fusion-text-3\"><p>Gli eventi che si verificarono nelle diverse sezioni di confine della Svizzera sono storicamente e geograficamente collocati nel Centro di divulgazione Fuga. Vengono illustrate le diverse prospettive e i margini di azione delle autorit\u00e0, dei rifugiati, del personale di frontiera e della popolazione civile. Vengono raccontate storie di persecuzione e di fuga, di respingimento e aiuto da tutte le regioni della Svizzera. Oltre al comandante di polizia di San Gallo, Paul Gr\u00fcninger, vengono presentate anche persone meno note che hanno dimostrato coraggio civile.   <\/p>\n<p>Il Centro di divulgazione sorge a Diepoldsau, al confine svizzero-austriaco, in collaborazione con il Museo Ebraico di Hohenems. I luoghi storici, con l&#8217;antica dogana di Diepoldsau e il paesaggio naturale lungo il vecchio Reno, rivestono in questo contesto un&#8217;importanza particolare. <\/p>\n<p>Il progetto \u00e8 stato avviato e finanziato nella prima fase dal Cantone di San Gallo. Da met\u00e0 2025, la responsabilit\u00e0 del progetto \u00e8 della rete nazionale Memoriale svizzero, promosso dall&#8217;Ufficio federale della cultura.<\/p>\n<\/div><div class=\"fusion-title title fusion-title-4 fusion-sep-none fusion-title-text fusion-title-size-two\" style=\"--awb-margin-top:20px;\"><h2 class=\"fusion-title-heading title-heading-left fusion-responsive-typography-calculated\" style=\"margin:0;--fontSize:30;line-height:var(--awb-typography1-line-height);\">Stato attuale (maggio 2026)<\/h2><\/div><div class=\"fusion-text fusion-text-4\"><p>Nell&#8217;ambito del progetto \u00abRicordare insieme nella Valle del Reno 1938-1945\u00bb, il Museo Ebraico di Hohenems ha realizzato la mostra \u00abSvizzera salvatrice? La fuga nella Valle del Reno\u00bb. Pu\u00f2 essere visitata fino a gennaio 2027 presso il Museo Prestegg di Altst\u00e4tten. Le conoscenze e le esperienze maturate con questa mostra confluiranno nel futuro concetto per il Centro di divulgazione a Diepoldsau.<\/p>\n<\/div><div class=\"fusion-title title fusion-title-5 fusion-sep-none fusion-title-text fusion-title-size-two\" style=\"--awb-margin-top:20px;\"><h2 class=\"fusion-title-heading title-heading-left fusion-responsive-typography-calculated\" style=\"margin:0;--fontSize:30;line-height:var(--awb-typography1-line-height);\">Ulteriori informazioni<\/h2><\/div><div class=\"fusion-text fusion-text-5\"><p>Comunicato stampa del Cantone di San Gallo<br \/>\n<a href=\"https:\/\/www.sg.ch\/news\/sgch_allgemein\/2024\/03\/schweizer-memorial-fuer-die-ns-opfer--grundlagen-fuer-vermittlun.html\" rel=\"nofollow noopener\" target=\"_blank\">Memoriale svizzero per le vittime del nazionalsocialismo: elaborate le basi per la divulgazione e la cooperazione<\/a> | <a href=\"http:\/\/sg.ch\" rel=\"nofollow noopener\" target=\"_blank\">sg.ch<\/a><\/p>\n<p>Presentazione del progetto del Cantone di San Gallo<br \/>\n<a href=\"https:\/\/www.sg.ch\/content\/dam\/sgch\/politik-verwaltung\/departemente-und-staatskanzlei\/Departement-des-Innern\/Schweizer_Memorial_St.Gallen_Projektdarstellung_2024.pdf\" rel=\"nofollow noopener\" target=\"_blank\">Schweizer_Memorial_St.Gallen_Projektdarstellung_2024.pdf<\/a><\/p>\n<p>Pagina del progetto del Museo Ebraico di Hohenems<br \/>\n<a href=\"https:\/\/www.jm-hohenems.at\/vermittlung\/schweizer-memorial\" rel=\"nofollow noopener\" target=\"_blank\">Memoriale svizzero | Museo Ebraico di Hohenems<\/a><\/p>\n<p>Conferenza specialistica presso l&#8217;Alta Scuola Pedagogica St. Gallen giugno 2024<br \/>\n<a href=\"https:\/\/www.jm-hohenems.at\/static\/uploads\/2024\/09\/Tagungsdokumentation-St.Gallen-Juni-2024-einzel.pdf\" rel=\"nofollow noopener\" target=\"_blank\">https:\/\/www.jm-hohenems.at\/static\/uploads\/2024\/09\/Tagungsdokumentation-St.Gallen-Juni-2024-einzel.pdf<\/a><\/p>\n<p>Progetto espositivo \u201cricordare insieme\u201d<br \/>\n<a href=\"https:\/\/www.gemeinsam-erinnern.ch\/de\/ausstellungen\/rettende-schweiz\" rel=\"nofollow noopener\" target=\"_blank\">https:\/\/www.gemeinsam-erinnern.ch\/de\/ausstellungen\/rettende-schweiz<\/a><\/p>\n<p><span style=\"font-weight: 400;\">Percorso ciclabile audio \u00abOltre il confine\u00bb<br \/>\n<a href=\"http:\/\/www.ueber-die-grenze.at\" target=\"_blank\" rel=\"noopener nofollow\">www.ueber-die-grenze.at<\/a><\/span><\/p>\n<\/div><\/div><\/div><\/div><\/div><\/p>\n","protected":false},"excerpt":{"rendered":"","protected":false},"author":2,"featured_media":3591,"parent":0,"menu_order":0,"comment_status":"closed","ping_status":"closed","template":"100-width.php","meta":{"footnotes":""},"class_list":["post-3590","page","type-page","status-publish","has-post-thumbnail","hentry"],"_links":{"self":[{"href":"https:\/\/swissmemorial.ch\/it\/wp-json\/wp\/v2\/pages\/3590","targetHints":{"allow":["GET"]}}],"collection":[{"href":"https:\/\/swissmemorial.ch\/it\/wp-json\/wp\/v2\/pages"}],"about":[{"href":"https:\/\/swissmemorial.ch\/it\/wp-json\/wp\/v2\/types\/page"}],"author":[{"embeddable":true,"href":"https:\/\/swissmemorial.ch\/it\/wp-json\/wp\/v2\/users\/2"}],"replies":[{"embeddable":true,"href":"https:\/\/swissmemorial.ch\/it\/wp-json\/wp\/v2\/comments?post=3590"}],"version-history":[{"count":20,"href":"https:\/\/swissmemorial.ch\/it\/wp-json\/wp\/v2\/pages\/3590\/revisions"}],"predecessor-version":[{"id":4556,"href":"https:\/\/swissmemorial.ch\/it\/wp-json\/wp\/v2\/pages\/3590\/revisions\/4556"}],"wp:featuredmedia":[{"embeddable":true,"href":"https:\/\/swissmemorial.ch\/it\/wp-json\/wp\/v2\/media\/3591"}],"wp:attachment":[{"href":"https:\/\/swissmemorial.ch\/it\/wp-json\/wp\/v2\/media?parent=3590"}],"curies":[{"name":"wp","href":"https:\/\/api.w.org\/{rel}","templated":true}]}}