{"id":3601,"date":"2025-12-18T08:06:42","date_gmt":"2025-12-18T07:06:42","guid":{"rendered":"https:\/\/swissmemorial.ch\/fare-rete\/"},"modified":"2026-05-12T06:12:58","modified_gmt":"2026-05-12T04:12:58","slug":"fare-rete","status":"publish","type":"page","link":"https:\/\/swissmemorial.ch\/it\/fare-rete\/","title":{"rendered":"Fare rete"},"content":{"rendered":"<p><div class=\"fusion-fullwidth fullwidth-box fusion-builder-row-1 fusion-flex-container has-pattern-background has-mask-background hundred-percent-fullwidth non-hundred-percent-height-scrolling\" style=\"--awb-background-position:center top;--awb-border-radius-top-left:0px;--awb-border-radius-top-right:0px;--awb-border-radius-bottom-right:0px;--awb-border-radius-bottom-left:0px;--awb-padding-top:20vh;--awb-padding-bottom:100px;--awb-padding-bottom-small:60px;--awb-min-height:450px;--awb-min-height-small:300px;--awb-background-color:#e0ebed;--awb-background-image:linear-gradient(180deg, hsla(var(--awb-color8-h),var(--awb-color8-s),var(--awb-color8-l),calc(var(--awb-color8-a) - 70%)) 0%,hsla(var(--awb-color8-h),var(--awb-color8-s),var(--awb-color8-l),calc(var(--awb-color8-a) - 70%)) 100%);--awb-flex-wrap:wrap;\" ><div class=\"fusion-builder-row fusion-row fusion-flex-align-items-flex-start fusion-flex-align-content-center fusion-flex-justify-content-center fusion-flex-content-wrap\" style=\"width:104% !important;max-width:104% !important;margin-left: calc(-4% \/ 2 );margin-right: calc(-4% \/ 2 );\"><div class=\"fusion-layout-column fusion_builder_column fusion-builder-column-0 fusion_builder_column_1_1 1_1 fusion-flex-column\" style=\"--awb-bg-size:cover;--awb-width-large:100%;--awb-margin-top-large:0px;--awb-spacing-right-large:1.92%;--awb-margin-bottom-large:20px;--awb-spacing-left-large:1.92%;--awb-width-medium:100%;--awb-order-medium:0;--awb-spacing-right-medium:1.92%;--awb-spacing-left-medium:1.92%;--awb-width-small:100%;--awb-order-small:0;--awb-spacing-right-small:1.92%;--awb-spacing-left-small:1.92%;\" data-scroll-devices=\"small-visibility,medium-visibility,large-visibility\"><div class=\"fusion-column-wrapper fusion-column-has-shadow fusion-flex-justify-content-flex-start fusion-content-layout-column\"><div class=\"fusion-title title fusion-title-1 fusion-sep-none fusion-title-center fusion-title-text fusion-title-size-one\" style=\"--awb-text-color:var(--awb-color1);\"><h1 class=\"fusion-title-heading title-heading-center fusion-responsive-typography-calculated\" style=\"margin:0;--fontSize:16;line-height:var(--awb-typography1-line-height);\">Rete nazionale<\/h1><\/div><\/div><\/div><\/div><\/div><div class=\"fusion-fullwidth fullwidth-box fusion-builder-row-2 fusion-flex-container has-pattern-background has-mask-background nonhundred-percent-fullwidth non-hundred-percent-height-scrolling\" style=\"--awb-border-radius-top-left:0px;--awb-border-radius-top-right:0px;--awb-border-radius-bottom-right:0px;--awb-border-radius-bottom-left:0px;--awb-padding-top:100px;--awb-padding-top-small:60px;--awb-margin-bottom-small:-50px;--awb-flex-wrap:wrap;\" ><div class=\"fusion-builder-row fusion-row fusion-flex-align-items-flex-start fusion-flex-justify-content-center fusion-flex-content-wrap\" style=\"max-width:95.68%;margin-left: calc(-4% \/ 2 );margin-right: calc(-4% \/ 2 );\"><div class=\"fusion-layout-column fusion_builder_column fusion-builder-column-1 fusion_builder_column_2_3 2_3 fusion-flex-column\" style=\"--awb-bg-size:cover;--awb-width-large:66.666666666667%;--awb-margin-top-large:0px;--awb-spacing-right-large:2.88%;--awb-margin-bottom-large:20px;--awb-spacing-left-large:2.88%;--awb-width-medium:100%;--awb-order-medium:0;--awb-spacing-right-medium:1.92%;--awb-spacing-left-medium:1.92%;--awb-width-small:100%;--awb-order-small:0;--awb-spacing-right-small:1.92%;--awb-spacing-left-small:1.92%;\"><div class=\"fusion-column-wrapper fusion-column-has-shadow fusion-flex-justify-content-flex-start fusion-content-layout-column\"><div class=\"fusion-text fusion-text-1\"><blockquote>\n<p>Il Memoriale svizzero per le vittime del nazionalsocialismo \u00e8 nato da un&#8217;iniziativa della societ\u00e0 civile avviata nel 2019. Dopo la decisione del Consiglio federale del 2023 di creare un memoriale, il Canton San Gallo, l&#8217;Archivio di storia contemporanea del Politecnico federale di Zurigo, il Centro di studi ebraici dell&#8217;Universit\u00e0 di Basilea, la Federazione svizzera delle comunit\u00e0 israelite e la citt\u00e0 di Berna hanno fondato una rete nel 2024. Questa ha l&#8217;obiettivo di mettere in contatto attori e iniziative legate al Memoriale svizzero e di promuovere, in collaborazione con il Museo ebraico di Hohenems, la creazione del centro di divulgazione Fuga Diepoldsau.  <\/p>\n<\/blockquote>\n<\/div><div class=\"fusion-title title fusion-title-2 fusion-sep-none fusion-title-text fusion-title-size-two\" style=\"--awb-margin-top:20px;\"><h2 class=\"fusion-title-heading title-heading-left fusion-responsive-typography-calculated\" style=\"margin:0;--fontSize:30;line-height:var(--awb-typography1-line-height);\">La rete nazionale<\/h2><\/div><div class=\"fusion-text fusion-text-2\"><p>La rete nazionale \u00e8 organizzata come associazione e riceve sostegno finanziario dall&#8217;Ufficio federale della cultura. Il segretariato dell&#8217;associazione ha sede presso il segretariato della Federazione svizzera delle comunit\u00e0 israelite. Oltre ai soci fondatori, accoglie soci associati, gestisce il sito web swissmemorial.ch e invia una newsletter. La rete nazionale offre una piattaforma per lo scambio tra i suoi soci e organizza convegni e workshop.<\/p>\n<\/div><div class=\"fusion-title title fusion-title-3 fusion-sep-none fusion-title-text fusion-title-size-two\" style=\"--awb-margin-top:20px;\"><h2 class=\"fusion-title-heading title-heading-left fusion-responsive-typography-calculated\" style=\"margin:0;--fontSize:30;line-height:var(--awb-typography1-line-height);\">Stato attuale (maggio 2026)<\/h2><\/div><div class=\"fusion-text fusion-text-3 fusion-menu\"><p>A partire dall&#8217;estate 2026, le persone giuridiche potranno essere accolte come soci associati nella rete nazionale. Le informazioni sull&#8217;ammissione possono essere richieste tramite il <a href=\"https:\/\/swissmemorial.ch\/it\/chi-siamo\/#kontakt\">modulo di contatto<\/a>. <\/p>\n<p>Durante l&#8217;anno in corso, per la rete nazionale \u00e8 in primo piano il coordinamento del settore di divulgazione presso il luogo della memoria di Berna e presso il centro di divulgazione Fuga Diepoldsau.<\/p>\n<\/div><\/div><\/div><\/div><\/div><\/p>\n","protected":false},"excerpt":{"rendered":"","protected":false},"author":2,"featured_media":0,"parent":0,"menu_order":0,"comment_status":"closed","ping_status":"closed","template":"100-width.php","meta":{"footnotes":""},"class_list":["post-3601","page","type-page","status-publish","hentry"],"_links":{"self":[{"href":"https:\/\/swissmemorial.ch\/it\/wp-json\/wp\/v2\/pages\/3601","targetHints":{"allow":["GET"]}}],"collection":[{"href":"https:\/\/swissmemorial.ch\/it\/wp-json\/wp\/v2\/pages"}],"about":[{"href":"https:\/\/swissmemorial.ch\/it\/wp-json\/wp\/v2\/types\/page"}],"author":[{"embeddable":true,"href":"https:\/\/swissmemorial.ch\/it\/wp-json\/wp\/v2\/users\/2"}],"replies":[{"embeddable":true,"href":"https:\/\/swissmemorial.ch\/it\/wp-json\/wp\/v2\/comments?post=3601"}],"version-history":[{"count":12,"href":"https:\/\/swissmemorial.ch\/it\/wp-json\/wp\/v2\/pages\/3601\/revisions"}],"predecessor-version":[{"id":4564,"href":"https:\/\/swissmemorial.ch\/it\/wp-json\/wp\/v2\/pages\/3601\/revisions\/4564"}],"wp:attachment":[{"href":"https:\/\/swissmemorial.ch\/it\/wp-json\/wp\/v2\/media?parent=3601"}],"curies":[{"name":"wp","href":"https:\/\/api.w.org\/{rel}","templated":true}]}}