{"id":3694,"date":"2025-12-18T07:04:41","date_gmt":"2025-12-18T06:04:41","guid":{"rendered":"https:\/\/swissmemorial.ch\/ricordare\/"},"modified":"2026-05-12T06:01:39","modified_gmt":"2026-05-12T04:01:39","slug":"ricordare","status":"publish","type":"page","link":"https:\/\/swissmemorial.ch\/it\/ricordare\/","title":{"rendered":"Ricordare"},"content":{"rendered":"<p><div class=\"fusion-fullwidth fullwidth-box fusion-builder-row-1 fusion-flex-container has-pattern-background has-mask-background fusion-parallax-none hundred-percent-fullwidth non-hundred-percent-height-scrolling lazyload\" style=\"--awb-border-radius-top-left:0px;--awb-border-radius-top-right:0px;--awb-border-radius-bottom-right:0px;--awb-border-radius-bottom-left:0px;--awb-padding-top:20vh;--awb-padding-bottom:100px;--awb-padding-bottom-small:60px;--awb-min-height:450px;--awb-min-height-small:300px;--awb-background-image:linear-gradient(180deg, hsla(var(--awb-color8-h),var(--awb-color8-s),var(--awb-color8-l),calc(var(--awb-color8-a) - 70%)) 0%,hsla(var(--awb-color8-h),var(--awb-color8-s),var(--awb-color8-l),calc(var(--awb-color8-a) - 70%)) 100%);;--awb-background-size:cover;--awb-flex-wrap:wrap;\" data-bg=\"https:\/\/swissmemorial.ch\/wp-content\/uploads\/2026\/04\/Bern-Erinnerungsort.webp\" data-bg-gradient=\"linear-gradient(180deg, hsla(var(--awb-color8-h),var(--awb-color8-s),var(--awb-color8-l),calc(var(--awb-color8-a) - 70%)) 0%,hsla(var(--awb-color8-h),var(--awb-color8-s),var(--awb-color8-l),calc(var(--awb-color8-a) - 70%)) 100%)\" ><div class=\"fusion-builder-row fusion-row fusion-flex-align-items-flex-start fusion-flex-align-content-center fusion-flex-justify-content-center fusion-flex-content-wrap\" style=\"width:104% !important;max-width:104% !important;margin-left: calc(-4% \/ 2 );margin-right: calc(-4% \/ 2 );\"><div class=\"fusion-layout-column fusion_builder_column fusion-builder-column-0 fusion_builder_column_1_1 1_1 fusion-flex-column\" style=\"--awb-bg-size:cover;--awb-width-large:100%;--awb-margin-top-large:0px;--awb-spacing-right-large:1.92%;--awb-margin-bottom-large:20px;--awb-spacing-left-large:1.92%;--awb-width-medium:100%;--awb-order-medium:0;--awb-spacing-right-medium:1.92%;--awb-spacing-left-medium:1.92%;--awb-width-small:100%;--awb-order-small:0;--awb-spacing-right-small:1.92%;--awb-spacing-left-small:1.92%;\" data-scroll-devices=\"small-visibility,medium-visibility,large-visibility\"><div class=\"fusion-column-wrapper fusion-column-has-shadow fusion-flex-justify-content-flex-start fusion-content-layout-column\"><div class=\"fusion-title title fusion-title-1 fusion-sep-none fusion-title-center fusion-title-text fusion-title-size-one\" style=\"--awb-text-color:var(--awb-color1);\"><h1 class=\"fusion-title-heading title-heading-center fusion-responsive-typography-calculated\" style=\"margin:0;--fontSize:16;line-height:var(--awb-typography1-line-height);\">Luogo della memoria Berna<\/h1><\/div><\/div><\/div><\/div><\/div><div class=\"fusion-fullwidth fullwidth-box fusion-builder-row-2 fusion-flex-container has-pattern-background has-mask-background nonhundred-percent-fullwidth non-hundred-percent-height-scrolling\" style=\"--awb-border-radius-top-left:0px;--awb-border-radius-top-right:0px;--awb-border-radius-bottom-right:0px;--awb-border-radius-bottom-left:0px;--awb-padding-top:100px;--awb-padding-top-small:60px;--awb-margin-bottom-small:-50px;--awb-flex-wrap:wrap;\" ><div class=\"fusion-builder-row fusion-row fusion-flex-align-items-flex-start fusion-flex-justify-content-center fusion-flex-content-wrap\" style=\"max-width:95.68%;margin-left: calc(-4% \/ 2 );margin-right: calc(-4% \/ 2 );\"><div class=\"fusion-layout-column fusion_builder_column fusion-builder-column-1 fusion_builder_column_2_3 2_3 fusion-flex-column\" style=\"--awb-bg-size:cover;--awb-width-large:66.666666666667%;--awb-margin-top-large:0px;--awb-spacing-right-large:2.88%;--awb-margin-bottom-large:20px;--awb-spacing-left-large:2.88%;--awb-width-medium:100%;--awb-order-medium:0;--awb-spacing-right-medium:1.92%;--awb-spacing-left-medium:1.92%;--awb-width-small:100%;--awb-order-small:0;--awb-spacing-right-small:1.92%;--awb-spacing-left-small:1.92%;\"><div class=\"fusion-column-wrapper fusion-column-has-shadow fusion-flex-justify-content-flex-start fusion-content-layout-column\"><div class=\"fusion-text fusion-text-1\"><blockquote>\n<p>Il Reich tedesco nazionalsocialista (1933-1945) uccise sei milioni di ebree ed ebrei e commise altri crimini di massa che fecero centinaia di migliaia di vittime. La Svizzera neutrale si trov\u00f2 confrontata con la politica di persecuzione e sterminio del suo stato vicino e dovette affrontare decisioni difficili, in particolare in materia di politica dei rifugiati e nella gestione dell&#8217;economia di rapina tedesca. Per commemorare le vittime del nazionalsocialismo, la Confederazione, in collaborazione con la citt\u00e0 di Berna e promotori della societ\u00e0 civile, sta realizzando un luogo della memoria nella capitale. Questo pone al centro i margini di azione dell&#8217;epoca e la responsabilit\u00e0 della politica e della societ\u00e0. Il confronto con il passato accresce la consapevolezza nei confronti della democrazia, dei diritti umani e del coraggio civile.    <\/p>\n<\/blockquote>\n<\/div><div class=\"fusion-title title fusion-title-2 fusion-sep-none fusion-title-text fusion-title-size-two\" style=\"--awb-margin-top:20px;\"><h2 class=\"fusion-title-heading title-heading-left fusion-responsive-typography-calculated\" style=\"margin:0;--fontSize:30;line-height:var(--awb-typography1-line-height);\">La memoria: legame tra passato e presente<\/h2><\/div><div class=\"fusion-text fusion-text-2\"><p>I crimini del regime nazionalsocialista tedesco risalgono a pi\u00f9 di 80 anni fa, ma i loro effetti perdurano ancora oggi. Vittime del assassinio di massa sistematico furono ebree ed ebrei, Rom, Romnja, Sinti, Sintizze e Jenisch, nonch\u00e8 persone con disabilit\u00e0. Anche oppositori politici furono perseguitati e uccisi. Tutte le persone che i nazionalsocialisti definivano estranee, inferiori o pericolose rischiarono la vita. Molti perseguitati appartenevano a minoranze verso le quali esistevano pregiudizi non solo in Germania, ma anche in molti altri Stati.    <\/p>\n<p>La Svizzera neutrale dovette prendere posizione: profughi stranieri cercavano protezione nel paese risparmiato dalla guerra e cercavano di attraversare il confine dal Reich tedesco nazionalsocialista, dalla Francia occupata e dall&#8217;Italia fascista. Cittadine e cittadini svizzeri all&#8217;estero minacciati chiesero aiuto alle autorit\u00e0 svizzere. In generale, i profughi in Svizzera erano considerati indesiderati, ma nonostante questa politica di rifiuto ci furono numerose persone che prestarono aiuto con coraggio e altruismo.  <\/p>\n<p>Per prevenire futuri crimini di massa statali, dopo il 1945 i diritti umani e la protezione delle minoranze prevista dal diritto internazionale furono rafforzati a livello internazionale: questi diritti non sono affatto scontati e vengono ripetutamente violati.<\/p>\n<\/div><div class=\"fusion-title title fusion-title-3 fusion-sep-none fusion-title-text fusion-title-size-two\" style=\"--awb-margin-top:20px;\"><h2 class=\"fusion-title-heading title-heading-left fusion-responsive-typography-calculated\" style=\"margin:0;--fontSize:30;line-height:var(--awb-typography1-line-height);\">Il progetto<\/h2><\/div><div class=\"fusion-text fusion-text-3\"><p>Il ricordo delle vittime dei crimini nazionalsocialisti \u00e8 significativo per il nostro presente e futuro. Attraverso l&#8217;arte e l&#8217;informazione, il luogo della memoria vuole stimolare il confronto con il passato. Come luogo vivo della memoria, crea spazio per il dialogo e la riflessione e rafforza la consapevolezza del coraggio civile, della solidariet\u00e0, dei diritti umani e della democrazia.  <\/p>\n<p>Nel 2023 il Consiglio federale ha incaricato il Dipartimento federale degli affari esteri di istituire il luogo della memoria, stanziando o a tal fine 2,5 milioni di franchi. Il Dipartimento federale degli affari esteri, in collaborazione con il Comune di Berna e con gli iniziatori e le iniziatrici della societ\u00e0 civile, ha elaborato le basi e lanciato un concorso internazionale per la realizzazione del luogo della memoria. La giuria del concorso \u00e8 presieduta da Madeleine Schuppli.  <\/p>\n<p>Il luogo della memoria sar\u00e0 realizzato sulla terrazza sopra il parcheggio del Casin\u00f2. La vivace piazza si trova nel cuore della capitale Berna, in prossimit\u00e0 immediata del Palazzo federale. La scelta del luogo sottolinea la responsabilit\u00e0 storica della politica e della societ\u00e0.  <\/p>\n<p><img decoding=\"async\" class=\"lazyload alignnone size-full wp-image-3352\" src=\"https:\/\/swissmemorial.ch\/wp-content\/uploads\/2026\/04\/Karte_Bern_map.bern_.ch_.webp\" data-orig-src=\"https:\/\/swissmemorial.ch\/wp-content\/uploads\/2026\/04\/Karte_Bern_map.bern_.ch_.webp\" alt=\"\" width=\"1920\" height=\"1094\" srcset=\"data:image\/svg+xml,%3Csvg%20xmlns%3D%27http%3A%2F%2Fwww.w3.org%2F2000%2Fsvg%27%20width%3D%271920%27%20height%3D%271094%27%20viewBox%3D%270%200%201920%201094%27%3E%3Crect%20width%3D%271920%27%20height%3D%271094%27%20fill-opacity%3D%220%22%2F%3E%3C%2Fsvg%3E\" data-srcset=\"https:\/\/swissmemorial.ch\/wp-content\/uploads\/2026\/04\/Karte_Bern_map.bern_.ch_-200x114.webp 200w, https:\/\/swissmemorial.ch\/wp-content\/uploads\/2026\/04\/Karte_Bern_map.bern_.ch_-300x171.webp 300w, https:\/\/swissmemorial.ch\/wp-content\/uploads\/2026\/04\/Karte_Bern_map.bern_.ch_-400x228.webp 400w, https:\/\/swissmemorial.ch\/wp-content\/uploads\/2026\/04\/Karte_Bern_map.bern_.ch_-600x342.webp 600w, https:\/\/swissmemorial.ch\/wp-content\/uploads\/2026\/04\/Karte_Bern_map.bern_.ch_-768x438.webp 768w, https:\/\/swissmemorial.ch\/wp-content\/uploads\/2026\/04\/Karte_Bern_map.bern_.ch_-800x456.webp 800w, https:\/\/swissmemorial.ch\/wp-content\/uploads\/2026\/04\/Karte_Bern_map.bern_.ch_-1024x583.webp 1024w, https:\/\/swissmemorial.ch\/wp-content\/uploads\/2026\/04\/Karte_Bern_map.bern_.ch_-1200x684.webp 1200w, https:\/\/swissmemorial.ch\/wp-content\/uploads\/2026\/04\/Karte_Bern_map.bern_.ch_-1536x875.webp 1536w, https:\/\/swissmemorial.ch\/wp-content\/uploads\/2026\/04\/Karte_Bern_map.bern_.ch_.webp 1920w\" data-sizes=\"auto\" data-orig-sizes=\"(max-width: 1920px) 100vw, 1920px\" \/><\/p>\n<\/div><div class=\"fusion-title title fusion-title-4 fusion-sep-none fusion-title-text fusion-title-size-two\" style=\"--awb-margin-top:20px;\"><h2 class=\"fusion-title-heading title-heading-left fusion-responsive-typography-calculated\" style=\"margin:0;--fontSize:30;line-height:var(--awb-typography1-line-height);\">Stato attuale (maggio 2026)<\/h2><\/div><div class=\"fusion-text fusion-text-4\"><p>Il programma del concorso \u00e8 stato pubblicato nel luglio 2025 su simap, la piattaforma degli appalti pubblici della Confederazione. Nell&#8217;ambito della preselezione si sono candidati 55 team di composizione interdisciplinare. Alla fine del 2025, la giuria ha incaricato 11 team di elaborare un progetto. La valutazione dei progetti elaborati \u00e8 prevista per l&#8217;estate 2026.<\/p>\n<\/div><div class=\"fusion-title title fusion-title-5 fusion-sep-none fusion-title-text fusion-title-size-two\" style=\"--awb-margin-top:20px;\"><h2 class=\"fusion-title-heading title-heading-left fusion-responsive-typography-calculated\" style=\"margin:0;--fontSize:30;line-height:var(--awb-typography1-line-height);\">Ulteriori informazioni<\/h2><\/div><div class=\"fusion-text fusion-text-5\"><p><span style=\"font-weight: 400;\">Dipartimento federale degli affari esteri:<br \/>\n<\/span><a href=\"https:\/\/www.eda.admin.ch\/eda\/de\/home\/das-eda\/aktuell\/dossiers\/schweizer-memorial-fuer-opfer-nationalsozialismus.html\" rel=\"nofollow noopener\" target=\"_blank\"><span style=\"font-weight: 400;\">Memoriale svizzero per le vittime del nazionalsocialismo \u2013 Un luogo della memoria nella citt\u00e0 di Berna<\/span><\/a><\/p>\n<p><span style=\"font-weight: 400;\">Piattaforma degli appalti pubblici simap:<br \/>\n<\/span><a href=\"https:\/\/www.simap.ch\/de\/project-detail\/057c4521-7ebf-4c3e-bdce-6af45c9bd2f7\" rel=\"nofollow noopener\" target=\"_blank\"><span style=\"font-weight: 400;\">\u00abMemoriale svizzero per le vittime del nazionalsocialismo\u00bb un luogo della memoria nella citt\u00e0 di Berna<\/span><\/a><\/p>\n<\/div><\/div><\/div><\/div><\/div><\/p>\n","protected":false},"excerpt":{"rendered":"","protected":false},"author":2,"featured_media":3628,"parent":0,"menu_order":0,"comment_status":"closed","ping_status":"closed","template":"100-width.php","meta":{"footnotes":""},"class_list":["post-3694","page","type-page","status-publish","has-post-thumbnail","hentry"],"_links":{"self":[{"href":"https:\/\/swissmemorial.ch\/it\/wp-json\/wp\/v2\/pages\/3694","targetHints":{"allow":["GET"]}}],"collection":[{"href":"https:\/\/swissmemorial.ch\/it\/wp-json\/wp\/v2\/pages"}],"about":[{"href":"https:\/\/swissmemorial.ch\/it\/wp-json\/wp\/v2\/types\/page"}],"author":[{"embeddable":true,"href":"https:\/\/swissmemorial.ch\/it\/wp-json\/wp\/v2\/users\/2"}],"replies":[{"embeddable":true,"href":"https:\/\/swissmemorial.ch\/it\/wp-json\/wp\/v2\/comments?post=3694"}],"version-history":[{"count":14,"href":"https:\/\/swissmemorial.ch\/it\/wp-json\/wp\/v2\/pages\/3694\/revisions"}],"predecessor-version":[{"id":4538,"href":"https:\/\/swissmemorial.ch\/it\/wp-json\/wp\/v2\/pages\/3694\/revisions\/4538"}],"wp:featuredmedia":[{"embeddable":true,"href":"https:\/\/swissmemorial.ch\/it\/wp-json\/wp\/v2\/media\/3628"}],"wp:attachment":[{"href":"https:\/\/swissmemorial.ch\/it\/wp-json\/wp\/v2\/media?parent=3694"}],"curies":[{"name":"wp","href":"https:\/\/api.w.org\/{rel}","templated":true}]}}